{"id":914,"date":"2023-12-31T15:04:53","date_gmt":"2023-12-31T14:04:53","guid":{"rendered":"https:\/\/gul-langenau.de\/?page_id=914"},"modified":"2025-02-12T17:39:53","modified_gmt":"2025-02-12T16:39:53","slug":"startseite-entwurf-2","status":"publish","type":"page","link":"https:\/\/gul-langenau.de\/","title":{"rendered":"Startseite"},"content":{"rendered":"\n<figure class=\"wp-block-image\"><img loading=\"lazy\" decoding=\"async\" width=\"1024\" height=\"290\" src=\"https:\/\/gul-langenau.de\/wp-content\/uploads\/sites\/190\/2018\/11\/langenau-7070515-e1541272767396-1024x290.jpg\" alt=\"\" class=\"wp-image-780\" srcset=\"https:\/\/gul-langenau.de\/wp-content\/uploads\/sites\/190\/2018\/11\/langenau-7070515-e1541272767396-1024x290.jpg 1024w, https:\/\/gul-langenau.de\/wp-content\/uploads\/sites\/190\/2018\/11\/langenau-7070515-e1541272767396-300x85.jpg 300w, https:\/\/gul-langenau.de\/wp-content\/uploads\/sites\/190\/2018\/11\/langenau-7070515-e1541272767396-768x217.jpg 768w, https:\/\/gul-langenau.de\/wp-content\/uploads\/sites\/190\/2018\/11\/langenau-7070515-e1541272767396-1536x434.jpg 1536w, https:\/\/gul-langenau.de\/wp-content\/uploads\/sites\/190\/2018\/11\/langenau-7070515-e1541272767396.jpg 1998w\" sizes=\"auto, (max-width: 1024px) 100vw, 1024px\" \/><\/figure>\n\n\n\n<div class=\"wp-block-media-text is-stacked-on-mobile\" style=\"grid-template-columns:42% auto\"><figure class=\"wp-block-media-text__media\"><img loading=\"lazy\" decoding=\"async\" width=\"1024\" height=\"724\" src=\"https:\/\/gul-langenau.de\/wp-content\/uploads\/sites\/190\/2024\/05\/GUL_logo_A2-1-1024x724.jpg\" alt=\"\" class=\"wp-image-1216 size-full\" srcset=\"https:\/\/gul-langenau.de\/wp-content\/uploads\/sites\/190\/2024\/05\/GUL_logo_A2-1-1024x724.jpg 1024w, https:\/\/gul-langenau.de\/wp-content\/uploads\/sites\/190\/2024\/05\/GUL_logo_A2-1-300x212.jpg 300w, https:\/\/gul-langenau.de\/wp-content\/uploads\/sites\/190\/2024\/05\/GUL_logo_A2-1-768x543.jpg 768w, https:\/\/gul-langenau.de\/wp-content\/uploads\/sites\/190\/2024\/05\/GUL_logo_A2-1-1536x1086.jpg 1536w, https:\/\/gul-langenau.de\/wp-content\/uploads\/sites\/190\/2024\/05\/GUL_logo_A2-1-2048x1448.jpg 2048w\" sizes=\"auto, (max-width: 1024px) 100vw, 1024px\" \/><\/figure><div class=\"wp-block-media-text__content\">\n<p>Wir sind eine unabh\u00e4ngige W\u00e4hlervereinigung in der Stadt Langenau mit den Teilorten Albeck, G\u00f6ttingen und H\u00f6rvelsingen aus unabh\u00e4ngigen B\u00fcrgern und Mitgliedern des Langenauer Ortsverbands B\u00fcndnis 90\/Die Gr\u00fcnen. Seit 40 Jahren gestalten wir die Kommunalpolitik in Langenau mit. Wir haben wichtige Debatten angesto\u00dfen, viele Antr\u00e4ge gestellt und sensible Themen hinterfragt.<\/p>\n\n\n\n<p><\/p>\n<\/div><\/div>\n\n\n<div class=\"has-background latest-posts wp-block-sunflower-latest-posts\">\n        <div class=\"wp-block-group__inner-container\">\n            \n                <div class=\"row\" data-masonry='{\"percentPosition\": true }'><div class=\"col-12\">\n<article id=\"post-1425\" class=\"bg-white mb-4 has-shadow post-1425 post type-post status-publish format-standard hentry category-allgemein\">\n\t<div class=\"\">\n\t\t\t\t<div class=\"p-45\">\n\t\t\t<header class=\"entry-header mb-2\">\n\t\t\t\t\t\t\t\t<h2 class=\"card-title h4 mb-3\"><a href=\"https:\/\/gul-langenau.de\/?p=1425\" rel=\"bookmark\">Fraktionssitzung, 21.04.2026<\/a><\/h2>\t\t\t\t\t<div class=\"entry-meta mb-3\">\n\t\t\t\t\t\t<span class=\"posted-on\"><time class=\"entry-date published updated\" datetime=\"2026-04-13T11:31:06+02:00\">13. April 2026<\/time><\/span>\t\t\t\t\t<\/div><!-- .entry-meta -->\n\t\t\t\t\t\t\t\t<\/header><!-- .entry-header -->\n\n\t\t\t<div class=\"entry-content\">\n\t\t\t\t<a href=\"https:\/\/gul-langenau.de\/?p=1425\" rel=\"bookmark\">\n\t\t\t\t<p>Die n\u00e4chste \u00f6ffentliche Fraktionssitzung der GUL findet am kommenden Dienstag, 21. April um 19 Uhr im Vereinsheim der Oldtimerfreunde statt. Es werden die Themen der anstehenden Gemeinderatssitzung besprochen. Wie immer [&hellip;]<\/p>\n\t\t\t\t<\/a>\n\t\t\t<\/div><!-- .entry-content -->\n\n\t\t\t<footer class=\"entry-footer\">\n\t\t\t\t\t\t\t<div class=\"d-flex mt-2 mb-2\">\n\t\t\t\t\t\t\t\t<div>\n\t\t<span class=\"cat-links small\"><a href=\"https:\/\/gul-langenau.de\/?cat=1\" rel=\"category\">Allgemein<\/a><\/span>\n\t\t\t\t<\/div>\n\t\t\t<\/div>\n\t\t\n\t\t\t\t<div class=\"d-flex flex-row-reverse\">\n\t\t\t\t\t<a href=\"https:\/\/gul-langenau.de\/?p=1425\" rel=\"bookmark\" class=\"continue-reading\">\n\t\t\t\t\tweiterlesen\t\t\t\t<\/a>\n\t\t\t\t<\/div>\n\t\t\t<\/footer><!-- .entry-footer -->\n\t\t<\/div>\n\t<\/div>\n<\/article><!-- #post-1425 -->\n<\/div><div class=\"col-12\">\n<article id=\"post-1422\" class=\"bg-white mb-4 has-shadow post-1422 post type-post status-publish format-standard hentry category-allgemein\">\n\t<div class=\"\">\n\t\t\t\t<div class=\"p-45\">\n\t\t\t<header class=\"entry-header mb-2\">\n\t\t\t\t\t\t\t\t<h2 class=\"card-title h4 mb-3\"><a href=\"https:\/\/gul-langenau.de\/?p=1422\" rel=\"bookmark\">Fraktionssitzung 17.M\u00e4rz 2026<\/a><\/h2>\t\t\t\t\t<div class=\"entry-meta mb-3\">\n\t\t\t\t\t\t<span class=\"posted-on\"><time class=\"entry-date published updated\" datetime=\"2026-03-11T16:59:01+01:00\">11. M\u00e4rz 2026<\/time><\/span>\t\t\t\t\t<\/div><!-- .entry-meta -->\n\t\t\t\t\t\t\t\t<\/header><!-- .entry-header -->\n\n\t\t\t<div class=\"entry-content\">\n\t\t\t\t<a href=\"https:\/\/gul-langenau.de\/?p=1422\" rel=\"bookmark\">\n\t\t\t\t<p>zu unserer M\u00e4rz-Fraktionssitzung treffen wir uns am kommenden Dienstag, 17. M\u00e4rz um 19 Uhr bei den Oldtimern. Neben den Tagesordnungspunkten der GR-Sitzung berichten wir von wesentlichen Themen der Aussch\u00fcsse ASV [&hellip;]<\/p>\n\t\t\t\t<\/a>\n\t\t\t<\/div><!-- .entry-content -->\n\n\t\t\t<footer class=\"entry-footer\">\n\t\t\t\t\t\t\t<div class=\"d-flex mt-2 mb-2\">\n\t\t\t\t\t\t\t\t<div>\n\t\t<span class=\"cat-links small\"><a href=\"https:\/\/gul-langenau.de\/?cat=1\" rel=\"category\">Allgemein<\/a><\/span>\n\t\t\t\t<\/div>\n\t\t\t<\/div>\n\t\t\n\t\t\t\t<div class=\"d-flex flex-row-reverse\">\n\t\t\t\t\t<a href=\"https:\/\/gul-langenau.de\/?p=1422\" rel=\"bookmark\" class=\"continue-reading\">\n\t\t\t\t\tweiterlesen\t\t\t\t<\/a>\n\t\t\t\t<\/div>\n\t\t\t<\/footer><!-- .entry-footer -->\n\t\t<\/div>\n\t<\/div>\n<\/article><!-- #post-1422 -->\n<\/div><div class=\"col-12\">\n<article id=\"post-1419\" class=\"bg-white mb-4 has-shadow post-1419 post type-post status-publish format-standard hentry category-allgemein\">\n\t<div class=\"\">\n\t\t\t\t<div class=\"p-45\">\n\t\t\t<header class=\"entry-header mb-2\">\n\t\t\t\t\t\t\t\t<h2 class=\"card-title h4 mb-3\"><a href=\"https:\/\/gul-langenau.de\/?p=1419\" rel=\"bookmark\">Fraktionssitzung am 10.02.2026<\/a><\/h2>\t\t\t\t\t<div class=\"entry-meta mb-3\">\n\t\t\t\t\t\t<span class=\"posted-on\"><time class=\"entry-date published\" datetime=\"2026-02-08T10:09:42+01:00\">8. Februar 2026<\/time><time class=\"updated\" datetime=\"2026-02-08T10:09:43+01:00\">8. Februar 2026<\/time><\/span>\t\t\t\t\t<\/div><!-- .entry-meta -->\n\t\t\t\t\t\t\t\t<\/header><!-- .entry-header -->\n\n\t\t\t<div class=\"entry-content\">\n\t\t\t\t<a href=\"https:\/\/gul-langenau.de\/?p=1419\" rel=\"bookmark\">\n\t\t\t\t<p>Am Dienstag,10.02.2026 findet um 19 Uhr eine Fraktionssitzung im Vereinsheim der Oldtimer statt. Da wir eine kurze Gemeinderatssitzung haben, k\u00f6nnen wir uns Zeit nehmen, \u00fcber andere Themen zu sprechen wie [&hellip;]<\/p>\n\t\t\t\t<\/a>\n\t\t\t<\/div><!-- .entry-content -->\n\n\t\t\t<footer class=\"entry-footer\">\n\t\t\t\t\t\t\t<div class=\"d-flex mt-2 mb-2\">\n\t\t\t\t\t\t\t\t<div>\n\t\t<span class=\"cat-links small\"><a href=\"https:\/\/gul-langenau.de\/?cat=1\" rel=\"category\">Allgemein<\/a><\/span>\n\t\t\t\t<\/div>\n\t\t\t<\/div>\n\t\t\n\t\t\t\t<div class=\"d-flex flex-row-reverse\">\n\t\t\t\t\t<a href=\"https:\/\/gul-langenau.de\/?p=1419\" rel=\"bookmark\" class=\"continue-reading\">\n\t\t\t\t\tweiterlesen\t\t\t\t<\/a>\n\t\t\t\t<\/div>\n\t\t\t<\/footer><!-- .entry-footer -->\n\t\t<\/div>\n\t<\/div>\n<\/article><!-- #post-1419 -->\n<\/div><div class=\"col-12\">\n<article id=\"post-1416\" class=\"bg-white mb-4 has-shadow post-1416 post type-post status-publish format-standard hentry category-allgemein\">\n\t<div class=\"\">\n\t\t\t\t<div class=\"p-45\">\n\t\t\t<header class=\"entry-header mb-2\">\n\t\t\t\t\t\t\t\t<h2 class=\"card-title h4 mb-3\"><a href=\"https:\/\/gul-langenau.de\/?p=1416\" rel=\"bookmark\">Fraktionssitzung am 27.01.2026<\/a><\/h2>\t\t\t\t\t<div class=\"entry-meta mb-3\">\n\t\t\t\t\t\t<span class=\"posted-on\"><time class=\"entry-date published updated\" datetime=\"2026-01-26T11:01:12+01:00\">26. Januar 2026<\/time><\/span>\t\t\t\t\t<\/div><!-- .entry-meta -->\n\t\t\t\t\t\t\t\t<\/header><!-- .entry-header -->\n\n\t\t\t<div class=\"entry-content\">\n\t\t\t\t<a href=\"https:\/\/gul-langenau.de\/?p=1416\" rel=\"bookmark\">\n\t\t\t\t<p>Die GUL trifft sich zur ersten \u00f6ffentlichen Fraktionssitzung in diesem Jahr am kommenden Dienstag, 27. Januar um 19 Uhr im Vereinsheim der Oldtimerfreunde. Auf der Tagesordnung stehen Berichte von der [&hellip;]<\/p>\n\t\t\t\t<\/a>\n\t\t\t<\/div><!-- .entry-content -->\n\n\t\t\t<footer class=\"entry-footer\">\n\t\t\t\t\t\t\t<div class=\"d-flex mt-2 mb-2\">\n\t\t\t\t\t\t\t\t<div>\n\t\t<span class=\"cat-links small\"><a href=\"https:\/\/gul-langenau.de\/?cat=1\" rel=\"category\">Allgemein<\/a><\/span>\n\t\t\t\t<\/div>\n\t\t\t<\/div>\n\t\t\n\t\t\t\t<div class=\"d-flex flex-row-reverse\">\n\t\t\t\t\t<a href=\"https:\/\/gul-langenau.de\/?p=1416\" rel=\"bookmark\" class=\"continue-reading\">\n\t\t\t\t\tweiterlesen\t\t\t\t<\/a>\n\t\t\t\t<\/div>\n\t\t\t<\/footer><!-- .entry-footer -->\n\t\t<\/div>\n\t<\/div>\n<\/article><!-- #post-1416 -->\n<\/div><div class=\"col-12\">\n<article id=\"post-1413\" class=\"bg-white mb-4 has-shadow post-1413 post type-post status-publish format-standard hentry category-allgemein\">\n\t<div class=\"\">\n\t\t\t\t<div class=\"p-45\">\n\t\t\t<header class=\"entry-header mb-2\">\n\t\t\t\t\t\t\t\t<h2 class=\"card-title h4 mb-3\"><a href=\"https:\/\/gul-langenau.de\/?p=1413\" rel=\"bookmark\">Fraktionssitzungen 2026<\/a><\/h2>\t\t\t\t\t<div class=\"entry-meta mb-3\">\n\t\t\t\t\t\t<span class=\"posted-on\"><time class=\"entry-date published\" datetime=\"2026-01-14T16:10:15+01:00\">14. Januar 2026<\/time><time class=\"updated\" datetime=\"2026-01-14T16:10:16+01:00\">14. Januar 2026<\/time><\/span>\t\t\t\t\t<\/div><!-- .entry-meta -->\n\t\t\t\t\t\t\t\t<\/header><!-- .entry-header -->\n\n\t\t\t<div class=\"entry-content\">\n\t\t\t\t<a href=\"https:\/\/gul-langenau.de\/?p=1413\" rel=\"bookmark\">\n\t\t\t\t<p>Erste Fraktionssitzung im neuen Jahr Dienstag, 27. Januar um 19 Uhr bei den Oldtimern. Folgetermine : 10. Februar, 17 M\u00e4rz jeweils noch um 19 Uhr.<\/p>\n\t\t\t\t<\/a>\n\t\t\t<\/div><!-- .entry-content -->\n\n\t\t\t<footer class=\"entry-footer\">\n\t\t\t\t\t\t\t<div class=\"d-flex mt-2 mb-2\">\n\t\t\t\t\t\t\t\t<div>\n\t\t<span class=\"cat-links small\"><a href=\"https:\/\/gul-langenau.de\/?cat=1\" rel=\"category\">Allgemein<\/a><\/span>\n\t\t\t\t<\/div>\n\t\t\t<\/div>\n\t\t\n\t\t\t\t<div class=\"d-flex flex-row-reverse\">\n\t\t\t\t\t<a href=\"https:\/\/gul-langenau.de\/?p=1413\" rel=\"bookmark\" class=\"continue-reading\">\n\t\t\t\t\tweiterlesen\t\t\t\t<\/a>\n\t\t\t\t<\/div>\n\t\t\t<\/footer><!-- .entry-footer -->\n\t\t<\/div>\n\t<\/div>\n<\/article><!-- #post-1413 -->\n<\/div><div class=\"col-12\">\n<article id=\"post-1409\" class=\"bg-white mb-4 has-shadow post-1409 post type-post status-publish format-standard hentry category-allgemein\">\n\t<div class=\"\">\n\t\t\t\t<div class=\"p-45\">\n\t\t\t<header class=\"entry-header mb-2\">\n\t\t\t\t\t\t\t\t<h2 class=\"card-title h4 mb-3\"><a href=\"https:\/\/gul-langenau.de\/?p=1409\" rel=\"bookmark\">Rede zum Haushalt 2026<\/a><\/h2>\t\t\t\t\t<div class=\"entry-meta mb-3\">\n\t\t\t\t\t\t<span class=\"posted-on\"><time class=\"entry-date published\" datetime=\"2026-01-02T13:57:09+01:00\">2. Januar 2026<\/time><time class=\"updated\" datetime=\"2026-01-02T13:58:46+01:00\">2. Januar 2026<\/time><\/span>\t\t\t\t\t<\/div><!-- .entry-meta -->\n\t\t\t\t\t\t\t\t<\/header><!-- .entry-header -->\n\n\t\t\t<div class=\"entry-content\">\n\t\t\t\t<a href=\"https:\/\/gul-langenau.de\/?p=1409\" rel=\"bookmark\">\n\t\t\t\t<p>Die Rede zum Haushaltsplan 2026 von Roland Riedlinger ist auf den Seiten &#8222;Gemeinderat aktuell&#8220; \/ Haushaltspl\u00e4ne nachzulesen.<\/p>\n\t\t\t\t<\/a>\n\t\t\t<\/div><!-- .entry-content -->\n\n\t\t\t<footer class=\"entry-footer\">\n\t\t\t\t\t\t\t<div class=\"d-flex mt-2 mb-2\">\n\t\t\t\t\t\t\t\t<div>\n\t\t<span class=\"cat-links small\"><a href=\"https:\/\/gul-langenau.de\/?cat=1\" rel=\"category\">Allgemein<\/a><\/span>\n\t\t\t\t<\/div>\n\t\t\t<\/div>\n\t\t\n\t\t\t\t<div class=\"d-flex flex-row-reverse\">\n\t\t\t\t\t<a href=\"https:\/\/gul-langenau.de\/?p=1409\" rel=\"bookmark\" class=\"continue-reading\">\n\t\t\t\t\tweiterlesen\t\t\t\t<\/a>\n\t\t\t\t<\/div>\n\t\t\t<\/footer><!-- .entry-footer -->\n\t\t<\/div>\n\t<\/div>\n<\/article><!-- #post-1409 -->\n<\/div>\n    <a class=\"text-white no-link d-block bg-primary has-green-550-hover-background-color border-radius\" href=\"https:\/\/gul-langenau.de\/?page_id=994\" rel=\"\">\n        <div class=\"p-45 row\">\n        <span class=\"continue-reading text-white text-center pt-0\">zum Blog-Archiv<\/span>\n        <\/div>\n    <\/a>\n<\/div><\/div><\/div>\n\n <div class=\"wp-block-group alignfull sunflower-has-background-dim has-text-color has-white-color has-background is-vertical is-content-justification-center is-content-justification-center is-layout-flex wp-block-group-is-layout-flex next-events \">\n                    <div class=\"wp-block-group__inner-container\">\n                        <h2 class=\"wp-block-heading has-text-align-center h1\">N\u00e4chste Termine<\/h2>\n                        <div class=\"wp-block-button text-center mb-5\"><a class=\"wp-block-button__link no-border-radius\" href=\"https:\/\/gul-langenau.de\/?post_type=sunflower_event\" rel=\"\">Alle Termine<\/a><\/div>\n                    <div class=\"row\"><div class=\"col-12 text-center h4 text-white\">Derzeit sind keine Veranstaltungen geplant.<\/div><\/div><\/div><\/div>\n\n\n<div class=\"wp-block-group same-height has-white-background-color has-background is-layout-flow wp-block-group-is-layout-flow\"><\/div>\n\n\n\n<div class=\"wp-block-columns is-layout-flex wp-container-core-columns-is-layout-9d6595d7 wp-block-columns-is-layout-flex\"><\/div>\n","protected":false},"excerpt":{"rendered":"<p>Wir sind eine unabh\u00e4ngige W\u00e4hlervereinigung in der Stadt Langenau mit den Teilorten Albeck, G\u00f6ttingen und H\u00f6rvelsingen aus unabh\u00e4ngigen B\u00fcrgern und Mitgliedern des Langenauer Ortsverbands B\u00fcndnis 90\/Die Gr\u00fcnen. Seit 40 Jahren [&hellip;]<\/p>\n","protected":false},"author":397,"featured_media":0,"parent":0,"menu_order":0,"comment_status":"closed","ping_status":"closed","template":"","meta":{"footnotes":""},"class_list":["post-914","page","type-page","status-publish","hentry"],"_links":{"self":[{"href":"https:\/\/gul-langenau.de\/index.php?rest_route=\/wp\/v2\/pages\/914","targetHints":{"allow":["GET"]}}],"collection":[{"href":"https:\/\/gul-langenau.de\/index.php?rest_route=\/wp\/v2\/pages"}],"about":[{"href":"https:\/\/gul-langenau.de\/index.php?rest_route=\/wp\/v2\/types\/page"}],"author":[{"embeddable":true,"href":"https:\/\/gul-langenau.de\/index.php?rest_route=\/wp\/v2\/users\/397"}],"replies":[{"embeddable":true,"href":"https:\/\/gul-langenau.de\/index.php?rest_route=%2Fwp%2Fv2%2Fcomments&post=914"}],"version-history":[{"count":44,"href":"https:\/\/gul-langenau.de\/index.php?rest_route=\/wp\/v2\/pages\/914\/revisions"}],"predecessor-version":[{"id":1353,"href":"https:\/\/gul-langenau.de\/index.php?rest_route=\/wp\/v2\/pages\/914\/revisions\/1353"}],"wp:attachment":[{"href":"https:\/\/gul-langenau.de\/index.php?rest_route=%2Fwp%2Fv2%2Fmedia&parent=914"}],"curies":[{"name":"wp","href":"https:\/\/api.w.org\/{rel}","templated":true}]}}