{"id":776,"date":"2023-12-02T14:29:21","date_gmt":"2023-12-02T13:29:21","guid":{"rendered":"https:\/\/gullangenau.wordpress.com\/?page_id=776"},"modified":"2024-04-17T13:30:57","modified_gmt":"2024-04-17T11:30:57","slug":"gemeinderatswahl-2024","status":"publish","type":"page","link":"https:\/\/gul-langenau.de\/?page_id=776","title":{"rendered":"Warum kandidieren ?"},"content":{"rendered":"\n<p style=\"line-height:1.1\"><a><strong>Lust auf einen Sitz im Gemeinderat?<\/strong><\/a><\/p>\n\n\n\n<p style=\"line-height:1.1\">Wir suchen Leute, die bereit sind und den Mut haben, sich in unserer Stadt zu engagieren und seine Freunde, Nachbarn und Mitb\u00fcrger im Gemeinderat zu vertreten. Werde Kandidat f\u00fcr den Gemeinderat und stell dich der Wahl.<\/p>\n\n\n\n<p style=\"line-height:1.1\"><strong>Darf ich eigentlich kandidieren?<\/strong><\/p>\n\n\n\n<p style=\"line-height:1.1\">Du bist \u00fcber 16 Jahre und wohnst in Langenau oder einem Ortsteil seit mehr als 3 Monaten.<\/p>\n\n\n\n<p style=\"line-height:1.1\"><strong>Was muss ich mitbringen?<\/strong><\/p>\n\n\n\n<p style=\"line-height:1.1\">Du brauchst keine Fachkenntnisse oder bestimmte F\u00e4higkeiten.<\/p>\n\n\n\n<p style=\"line-height:1.1\">Gut w\u00e4re es Neugier und Engagement mitzubringen.<\/p>\n\n\n\n<p style=\"line-height:1.1\"><strong>Warum soll ich kandidieren?<\/strong><\/p>\n\n\n\n<p style=\"line-height:1.1\">Der Sitz im Gemeinderat bietet dir viele Chancen Dinge in deiner unmittelbaren Umgebung, die dich st\u00f6ren oder die du \u00e4ndern m\u00f6chtest, \u00f6ffentlich anzusprechen und im Gemeinderat zu behandeln.<\/p>\n\n\n\n<p style=\"line-height:1.1\">Du kannst mit eigenen Vorschl\u00e4gen Verbesserungen anregen.<\/p>\n\n\n\n<p style=\"line-height:1.1\">Du kannst zweifelhafte Projekte hinterfragen und versuchen zu stoppen.<\/p>\n\n\n\n<p style=\"line-height:1.1\">Du hast die Chance dich von der Stadtverwaltung \u00fcber wichtige Themen informieren zu lassen. <\/p>\n\n\n\n<p style=\"line-height:1.1\">Du hast die Chance bei den Einstellungen von Personal mitzuwirken.<\/p>\n\n\n\n<p style=\"line-height:1.1\"><strong>Was kann dich motivieren?<\/strong><\/p>\n\n\n\n<p style=\"line-height:1.1\">Es macht einen zufrieden und manchmal stolz, wenn ein Ziel erreicht wurde, dass man selber mitangesto\u00dfen hat oder bei dem man aktiv beteiligt war.<\/p>\n\n\n\n<p style=\"line-height:1.1\">Aktive Gemeinder\u00e4te bekommen Lob und Anerkennung von ihrem Umfeld. Das tut gut.<\/p>\n\n\n\n<p style=\"line-height:1.1\">Negative Kritik kommt auch vor. Da muss man cool bleiben.<\/p>\n\n\n\n<p style=\"line-height:1.1\">Nat\u00fcrlich muss man es auch verdauen k\u00f6nnen, wenn ein f\u00fcr dich wichtiges Thema keine Mehrheit im Gemeinderat findet.<\/p>\n\n\n\n<p style=\"line-height:1.1\"><strong>Warum bei der GUL auf die Wahlliste?<\/strong><\/p>\n\n\n\n<p style=\"line-height:1.1\">Die GUL hat in ihrem Wahlprogramm definierte Ziele mit einer klaren politischen Ausrichtung.<\/p>\n\n\n\n<p style=\"line-height:1.1\">Als unabh\u00e4ngige W\u00e4hlervereinigung sind wir an keine parteipolitischen Vorgaben gebunden. Wichtige Entscheidungen werden beraten.<\/p>\n\n\n\n<p style=\"line-height:1.1\">Bei den Meinungs\u00e4u\u00dferungen und den Abstimmungen sind wir frei.<\/p>\n\n\n\n<p style=\"line-height:1.1\">Die GUL ist eine aktive Fraktion im Gemeinderat mit vielen Anfragen und Antr\u00e4gen.<\/p>\n\n\n\n<p style=\"line-height:1.1\">Wir versuchen zu gestalten und nicht nur zu verwalten.<\/p>\n\n\n\n<p style=\"line-height:1.1\"><strong>Hast du \u00fcberhaupt Zeit?<\/strong><\/p>\n\n\n\n<p style=\"line-height:1.1\">Es ist Pflicht an den Sitzungen des Gemeinderats und der Aussch\u00fcsse ATU oder ASV teilzunehmen.<\/p>\n\n\n\n<p style=\"line-height:1.1\">Die Sitzungen sind in der Regel einmal monatlich am Freitag 16 Uhr bzw. Montag 16 Uhr.<\/p>\n\n\n\n<p style=\"line-height:1.1\">F\u00fcr die Sitzungen des Verwaltungsverbands sind 2 Sitzungen im Jahr einzurechnen.<\/p>\n\n\n\n<p style=\"line-height:1.1\">Der August ist sitzungsfrei.<\/p>\n\n\n\n<p style=\"line-height:1.1\">Die zeitliche Belastung im Monat f\u00fcr die Pflichtaufgaben sind grob gesch\u00e4tzt 10-15 h.<\/p>\n\n\n\n<p style=\"line-height:1.1\">Zus\u00e4tzlich kann man nat\u00fcrlich noch viel mehr Zeit f\u00fcr eine aktive Mitarbeit investieren.<\/p>\n\n\n\n<p style=\"line-height:1.1\"><strong>Gibt es Geld daf\u00fcr?<\/strong><\/p>\n\n\n\n<p style=\"line-height:1.1\">Gemeinder\u00e4te sind ehrenamtlich t\u00e4tig. Der Zeitaufwand wird jedoch mit Sitzungsgeld entsch\u00e4digt. <\/p>\n\n\n\n<p style=\"line-height:1.1\">Die Stadt zahlt pro Sitzung je nach Dauer 50 bis 80 \u20ac. Das summiert sich auf ca. 200 \u20ac \/Monat.<\/p>\n\n\n\n<p style=\"line-height:1.1\">Kosten f\u00fcr die Betreuung von Angeh\u00f6rigen und Kindern in der Sitzungszeit werden bei Bedarf erstattet.<\/p>\n\n\n\n<p>Werde aktiv f\u00fcr eine lebenswerte und attraktive Stadt mit den Ortsteilen.<\/p>\n\n\n\n<p>Melde dich bei uns \u00fcber Kontakte oder direkt bei den GUL-Gemeinder\u00e4ten.<\/p>\n","protected":false},"excerpt":{"rendered":"<p>Lust auf einen Sitz im Gemeinderat? Wir suchen Leute, die bereit sind und den Mut haben, sich in unserer Stadt zu engagieren und seine Freunde, Nachbarn und Mitb\u00fcrger im Gemeinderat [&hellip;]<\/p>\n","protected":false},"author":397,"featured_media":0,"parent":0,"menu_order":0,"comment_status":"closed","ping_status":"closed","template":"","meta":{"footnotes":""},"class_list":["post-776","page","type-page","status-publish","hentry"],"_links":{"self":[{"href":"https:\/\/gul-langenau.de\/index.php?rest_route=\/wp\/v2\/pages\/776","targetHints":{"allow":["GET"]}}],"collection":[{"href":"https:\/\/gul-langenau.de\/index.php?rest_route=\/wp\/v2\/pages"}],"about":[{"href":"https:\/\/gul-langenau.de\/index.php?rest_route=\/wp\/v2\/types\/page"}],"author":[{"embeddable":true,"href":"https:\/\/gul-langenau.de\/index.php?rest_route=\/wp\/v2\/users\/397"}],"replies":[{"embeddable":true,"href":"https:\/\/gul-langenau.de\/index.php?rest_route=%2Fwp%2Fv2%2Fcomments&post=776"}],"version-history":[{"count":3,"href":"https:\/\/gul-langenau.de\/index.php?rest_route=\/wp\/v2\/pages\/776\/revisions"}],"predecessor-version":[{"id":1142,"href":"https:\/\/gul-langenau.de\/index.php?rest_route=\/wp\/v2\/pages\/776\/revisions\/1142"}],"wp:attachment":[{"href":"https:\/\/gul-langenau.de\/index.php?rest_route=%2Fwp%2Fv2%2Fmedia&parent=776"}],"curies":[{"name":"wp","href":"https:\/\/api.w.org\/{rel}","templated":true}]}}