{"id":68,"date":"2018-11-03T21:41:14","date_gmt":"2018-11-03T19:41:14","guid":{"rendered":"https:\/\/gullangenau.wordpress.com\/?page_id=30"},"modified":"2023-12-15T09:12:51","modified_gmt":"2023-12-15T08:12:51","slug":"kandidaten","status":"publish","type":"page","link":"https:\/\/gul-langenau.de\/?page_id=68","title":{"rendered":"GUL-Gemeinder\u00e4te 2014-2019"},"content":{"rendered":"<p><img loading=\"lazy\" decoding=\"async\" class=\"wp-image-64 size-medium alignleft\" src=\"https:\/\/wordpress02.gcms.verdigado.net\/gul-langenau\/wp-content\/uploads\/sites\/190\/2018\/11\/gulrolandriedlinger63realschullehrer-e1541278555868.jpg?w=238\" alt=\"Roland Riedlinger\" width=\"238\" height=\"300\"><\/p>\n<p><strong>Roland Riedlinger<\/strong><\/p>\n<p>Lehrer i. R.<br \/>\nSchlesische Stra\u00dfe 6<br \/>\n89129 Langenau<br \/>\nTel: 07345-6963<br \/>\nFax: 07345-238543<br \/>\nE-Mail: <a href=\"#\" data-unscramble=\"ed.enilno-t@regnildeir.dnalor\">roland.riedlinger@t-online.de<\/a><\/p>\n<p>Seit 1994 bin ich f\u00fcr die GUL im Gemeinderat mit einem festen Sitz im Auschuss f\u00fcr Soziales und Verwaltung (ASV). Nachdem wir 1999 auch den Status einer Fraktion bekommen haben, bin ich auch f\u00fcr die Fraktionsarbeit zust\u00e4ndig (Fraktionsvorsitzender)In der GUL arbeite ich schon von Anfang an (seit 1984) mit.<\/p>\n<p>Mein kommunalpolitisches Engagement entstand vor allem durch den damals geplanten Bau einer kleinen M\u00fcllverbrennungsanlage in Langenau. Aufgewachsen im Schwarzwald und berufsbedingt seit 1975 in Langenau lebend war mir der Erhalt der nat\u00fcrlichen und auch notwendigen Lebensgrundlagen schon immer ein Anliegen. Deshalb bin ich auch gleichzeitig Mitglied beim BUND, bei den Naturfreunden und bei B\u00fcndnis 90\/Die Gr\u00fcnen. Meine Arbeitsschwerpunkte liegen in den Bereichen Energie, Verkehr und Soziales, was auch durch meine berufliche T\u00e4tigkeit als Lehrer f\u00fcr die F\u00e4cher Mathematik und Physik bedingt ist.<\/p>\n<p>Mein kommunalpolitisches Arbeitsmotto k\u00f6nnte lauten : &#8222;Wir haben die Welt von unseren Kindern nur geliehen und sollten sie m\u00f6glichst funktionsf\u00e4hig zur\u00fcckgeben&#8220;.<\/p>\n<dl id=\"attachment_65\">\n<dt><img loading=\"lazy\" decoding=\"async\" class=\"alignleft\" src=\"https:\/\/wordpress02.gcms.verdigado.net\/gul-langenau\/wp-content\/uploads\/sites\/190\/2018\/11\/gulrenatemaier49architektin-e1541278725871.jpg?w=252\" alt=\"Renate Maier-Thaiblum\" width=\"252\" height=\"300\"><\/dt>\n<dd><\/dd>\n<dd><strong>Renate Maier-Tayblum<\/strong><\/dd>\n<dd><\/dd>\n<dd>Dipl.-Ing. FH Architektur<\/dd>\n<dd>Goethestra\u00dfe 12<\/dd>\n<dd>89129 Langenau<\/dd>\n<\/dl>\n<p>Tel+Fax:&nbsp; 07345-22929<\/p>\n<p>Ich bin am 13. Juli 2007, nach dem Ausscheiden von Christian St\u00e4ngle, in den Gemeinderat nachger\u00fcckt und vertrete die GUL im Ausschuss f\u00fcr Technik und Umwelt (ATU).<\/p>\n<p>In Langenau geboren und aufgewachsen war ich in der evangelischen Jugendarbeit t\u00e4tig und Mitbegr\u00fcnderin des Langenauer Weltladens.<\/p>\n<p>Nun freue ich mich mein Wissen und meine Erfahrungen aus Architektur und Stadtplanung im kommunalen Bereich einzubringen. F\u00fcr mich ist wichtig, dass trotz allgemeiner Sparma\u00dfnahmen soziale, kulturelle und \u00f6kologische Belange nicht vernachl\u00e4ssigt werden. Das sind die Themen, die f\u00fcr Nachhaltigkeit stehen und einen langfristigen Schutz von Umwelt und Ressourcen sowie die Verwirklichung sozialer Gerechtigkeit bedeuten.<\/p>\n<p>Ich m\u00f6chte mich f\u00fcr eine tolerante Gesellschaft einsetzen, die sich Ihrer \u00f6kologischen und sozialen Verantwortung bewusst ist und die Lebensqualit\u00e4t auch f\u00fcr die k\u00fcnftige Generation sichert.<\/p>\n<dl id=\"attachment_67\">\n<dt><img loading=\"lazy\" decoding=\"async\" class=\"alignleft\" src=\"https:\/\/wordpress02.gcms.verdigado.net\/gul-langenau\/wp-content\/uploads\/sites\/190\/2018\/11\/gulgeorg-weith53bio-landwirt-e1541278964829.jpg?w=266\" alt=\"Georg Weith\" width=\"266\" height=\"300\"><\/dt>\n<\/dl>\n<p><strong>Georg Weith<\/strong><\/p>\n<p>Bio-Landwirt<br \/>\nAlbecker Stra\u00dfe 1<\/p>\n<p>89129 Langenau-G\u00f6ttingen<\/p>\n<p>Tel. 07345\/22311<\/p>\n<p>Wichtig ist mir das nat\u00fcrliche Umfeld auch f\u00fcr die n\u00e4chsten Generationen zu pflegen und zu erhalten.&nbsp;F\u00fcr Jung und Alt eine lebenswerte Stadt zu schaffen, in der Leben, Wohnen und Arbeiten f\u00fcr alle m\u00f6glich ist.<\/p>\n<dl id=\"attachment_66\">\n<dt><img loading=\"lazy\" decoding=\"async\" class=\"alignleft\" src=\"https:\/\/wordpress02.gcms.verdigado.net\/gul-langenau\/wp-content\/uploads\/sites\/190\/2018\/11\/gulheinrichbuck58dipl-ing-e1541278853371.jpg?w=263\" alt=\"Heinrich Buck\" width=\"263\" height=\"300\"><\/dt>\n<\/dl>\n<p>Heinrich Buck<\/p>\n<p>Dipl.-Ing. Verfahrenstechnik<br \/>\nFreistegstrasse 15<br \/>\n89129 Langenau<br \/>\nTel. 07345\/3895<br \/>\nE-Mail: <a href=\"#\" data-unscramble=\"ed.enilno-t@kcub.hcirnieh\">heinrich.buck@t-online.de<\/a><\/p>\n<p>Von 1984 bis 1999 war ich bereits f\u00fcr die GUL im Gemeinderat.<\/p>\n<p>Ich m\u00f6chte mit neuen Ideen mitmischen und mich mit Nachdruck f\u00fcr \u00f6kologische, soziale, b\u00fcrgernahe und transparente Politik einsetzen.<\/p>\n","protected":false},"excerpt":{"rendered":"<p>Roland Riedlinger Lehrer i. R. Schlesische Stra\u00dfe 6 89129 Langenau Tel: 07345-6963 Fax: 07345-238543 E-Mail: roland.riedlinger@t-online.de Seit 1994 bin ich f\u00fcr die GUL im Gemeinderat mit einem festen Sitz im [&hellip;]<\/p>\n","protected":false},"author":397,"featured_media":0,"parent":64,"menu_order":0,"comment_status":"closed","ping_status":"closed","template":"","meta":{"footnotes":""},"class_list":["post-68","page","type-page","status-publish","hentry"],"_links":{"self":[{"href":"https:\/\/gul-langenau.de\/index.php?rest_route=\/wp\/v2\/pages\/68","targetHints":{"allow":["GET"]}}],"collection":[{"href":"https:\/\/gul-langenau.de\/index.php?rest_route=\/wp\/v2\/pages"}],"about":[{"href":"https:\/\/gul-langenau.de\/index.php?rest_route=\/wp\/v2\/types\/page"}],"author":[{"embeddable":true,"href":"https:\/\/gul-langenau.de\/index.php?rest_route=\/wp\/v2\/users\/397"}],"replies":[{"embeddable":true,"href":"https:\/\/gul-langenau.de\/index.php?rest_route=%2Fwp%2Fv2%2Fcomments&post=68"}],"version-history":[{"count":1,"href":"https:\/\/gul-langenau.de\/index.php?rest_route=\/wp\/v2\/pages\/68\/revisions"}],"predecessor-version":[{"id":824,"href":"https:\/\/gul-langenau.de\/index.php?rest_route=\/wp\/v2\/pages\/68\/revisions\/824"}],"up":[{"embeddable":true,"href":"https:\/\/gul-langenau.de\/index.php?rest_route=\/wp\/v2\/pages\/64"}],"wp:attachment":[{"href":"https:\/\/gul-langenau.de\/index.php?rest_route=%2Fwp%2Fv2%2Fmedia&parent=68"}],"curies":[{"name":"wp","href":"https:\/\/api.w.org\/{rel}","templated":true}]}}