{"id":64,"date":"2018-10-23T17:28:03","date_gmt":"2018-10-23T15:28:03","guid":{"rendered":"https:\/\/gullangenau.wordpress.com\/?page_id=2"},"modified":"2023-12-14T15:52:27","modified_gmt":"2023-12-14T14:52:27","slug":"die-gruene-liste-fuer-langenau","status":"publish","type":"page","link":"https:\/\/gul-langenau.de\/?page_id=64","title":{"rendered":"Geschichte"},"content":{"rendered":"\n<h3 class=\"wp-block-heading\"><strong>Wer sind wir und worum geht es uns !<\/strong><\/h3>\n\n\n\n<p>Die Gr\u00fcn-Unabh\u00e4ngige Liste ist eine W\u00e4hlervereinigung von Langenauer B\u00fcrgerinnen\/B\u00fcrger und dem Ortsverband B\u00fcndnis 90\/Die Gr\u00fcnen.<\/p>\n\n\n\n<h3 class=\"wp-block-heading\"><strong>R\u00fcckblick<\/strong><\/h3>\n\n\n\n<h3 class=\"wp-block-heading\"><strong>Der Anfang 1984<\/strong><\/h3>\n\n\n\n<p>Am 26.11.1984 wurde von den Mitgliedern der Partei &#8222;Die Gr\u00fcnen&#8220; der Ortsverband Langenau mit den Ortsteilen H\u00f6rversingen, G\u00f6ttingen, Albeck sowie den Gemeinden Asselfingen, Rammingen, Setzingen, \u00d6llingen und Nerenstetten gegr\u00fcndet.&nbsp;<\/p>\n\n\n\n<p>Ende 1984 schlossen sich der Ortsverband der Gr\u00fcnen und die damalige Liste Unabh\u00e4ngiger B\u00fcrger (LUB) zu einer gemeinsamen Kommunalwahlliste, der Gr\u00fcn Unabh\u00e4ngige Liste (GUL), zusammen.<\/p>\n\n\n\n<p>Grund waren die zahlreichen Gemeinsamkeiten auf der kommunalpolitischen Ebene und ein st\u00e4rkerer politischer Einfluss durch den Zusammenschluss.<\/p>\n\n\n\n<p>Themen im Wahljahr 1984 waren<\/p>\n\n\n\n<ul class=\"wp-block-list\">\n<li>Bessere Information der B\u00fcrger durch die Verwaltung<\/li>\n\n\n\n<li>Beteiligung der B\u00fcrger bei den Entscheidungsfindungen \u2013 Mehr Demokratie<\/li>\n\n\n\n<li>Erhaltung nat\u00fcrlicher Lebensgrundlagen und Schutz der Natur und Umwelt<\/li>\n\n\n\n<li>Verbesserung der Lebens- und Wohnqualit\u00e4t<\/li>\n\n\n\n<li>Verbesserung der Situation der Kinder und Jugendlichen<\/li>\n\n\n\n<li>Bek\u00e4mpfung der Jugendarbeitslosigkeit<\/li>\n\n\n\n<li>Unterst\u00fctzung der Landwirtschaft<\/li>\n\n\n\n<li>Friedenssicherung<\/li>\n\n\n\n<li>Soziales wie Ausbau des Krankenhauses<\/li>\n\n\n\n<li>Unterst\u00fctzung der \u00f6rtlichen Kulturaktivit\u00e4ten<\/li>\n<\/ul>\n\n\n\n<h6 class=\"wp-block-heading\">&nbsp;<\/h6>\n\n\n\n<h3 class=\"wp-block-heading\"><strong>Im Laufe der Jahre <\/strong><\/h3>\n\n\n\n<p>Die&nbsp; GUL entwickelte sich &nbsp;zu einer gemeinsamen Wahlliste von B\u00fcndnis 90\/ Die Gr\u00fcnen und von nicht mitgliedschaftlich organisierten unabh\u00e4ngigen B\u00fcrgern.<\/p>\n\n\n\n<p>Basis f\u00fcr die harmonische Zusammenarbeit waren die immer noch im Wesentlichen g\u00fcltigen Themenbereiche. Vor jeder Wahl wurden diese in einem Wahlprogramm konkretisiert.<\/p>\n\n\n\n<p>Die GUL-Gemeinder\u00e4te zeigten sich stets \u00fcberdurchschnittlich engagiert bei den Beratungen. Durch das kritische Hinterfragen der Beschlussvorschl\u00e4ge konnten oft Verbesserungen f\u00fcr die B\u00fcrger*innen eingebracht und durchgesetzt werden.<\/p>\n\n\n\n<p>Viele unserer Antr\u00e4ge und Ideen wurden in den ersten Jahren von der Verwaltung und dem Gemeinderat komplett oder teilweise abgelehnt. Manches war der Zeit voraus. Einiges wurde aber in sp\u00e4teren Zeiten von anderen Fraktionen und der Verwaltung aufgegriffen und konnte somit verwirklicht werden.<\/p>\n\n\n\n<p>Unser Engagement in vielen Bereichen hat sich also auf jeden Fall gelohnt. Dies sieht man an vielen umgesetzten Ideen, die von uns eingebracht oder initiiert wurden.<\/p>\n\n\n\n<h4 class=\"wp-block-heading\">Unsere positive Entwicklung sieht man auch in den Ergebnissen der Gemeinderatswahlen von 1984 bis heute:<\/h4>\n\n\n\n<figure class=\"wp-block-image size-full is-resized\"><img loading=\"lazy\" decoding=\"async\" width=\"1280\" height=\"720\" src=\"https:\/\/gul-langenau.de\/wp-content\/uploads\/sites\/190\/2019\/10\/wahlergebnisse.jpg\" alt=\"\" class=\"wp-image-427\" style=\"aspect-ratio:1.779381443298969;width:864px;height:auto\" srcset=\"https:\/\/gul-langenau.de\/wp-content\/uploads\/sites\/190\/2019\/10\/wahlergebnisse.jpg 1280w, https:\/\/gul-langenau.de\/wp-content\/uploads\/sites\/190\/2019\/10\/wahlergebnisse-300x169.jpg 300w, https:\/\/gul-langenau.de\/wp-content\/uploads\/sites\/190\/2019\/10\/wahlergebnisse-1024x576.jpg 1024w, https:\/\/gul-langenau.de\/wp-content\/uploads\/sites\/190\/2019\/10\/wahlergebnisse-768x432.jpg 768w\" sizes=\"auto, (max-width: 1280px) 100vw, 1280px\" \/><\/figure>\n\n\n\n<p><\/p>\n","protected":false},"excerpt":{"rendered":"<p>Wer sind wir und worum geht es uns ! Die Gr\u00fcn-Unabh\u00e4ngige Liste ist eine W\u00e4hlervereinigung von Langenauer B\u00fcrgerinnen\/B\u00fcrger und dem Ortsverband B\u00fcndnis 90\/Die Gr\u00fcnen. R\u00fcckblick Der Anfang 1984 Am 26.11.1984 [&hellip;]<\/p>\n","protected":false},"author":397,"featured_media":0,"parent":0,"menu_order":1,"comment_status":"closed","ping_status":"closed","template":"","meta":{"footnotes":""},"class_list":["post-64","page","type-page","status-publish","hentry"],"_links":{"self":[{"href":"https:\/\/gul-langenau.de\/index.php?rest_route=\/wp\/v2\/pages\/64","targetHints":{"allow":["GET"]}}],"collection":[{"href":"https:\/\/gul-langenau.de\/index.php?rest_route=\/wp\/v2\/pages"}],"about":[{"href":"https:\/\/gul-langenau.de\/index.php?rest_route=\/wp\/v2\/types\/page"}],"author":[{"embeddable":true,"href":"https:\/\/gul-langenau.de\/index.php?rest_route=\/wp\/v2\/users\/397"}],"replies":[{"embeddable":true,"href":"https:\/\/gul-langenau.de\/index.php?rest_route=%2Fwp%2Fv2%2Fcomments&post=64"}],"version-history":[{"count":2,"href":"https:\/\/gul-langenau.de\/index.php?rest_route=\/wp\/v2\/pages\/64\/revisions"}],"predecessor-version":[{"id":888,"href":"https:\/\/gul-langenau.de\/index.php?rest_route=\/wp\/v2\/pages\/64\/revisions\/888"}],"wp:attachment":[{"href":"https:\/\/gul-langenau.de\/index.php?rest_route=%2Fwp%2Fv2%2Fmedia&parent=64"}],"curies":[{"name":"wp","href":"https:\/\/api.w.org\/{rel}","templated":true}]}}