{"id":220,"date":"2019-01-22T11:31:38","date_gmt":"2019-01-22T10:31:38","guid":{"rendered":"https:\/\/gullangenau.wordpress.com\/?page_id=220"},"modified":"2026-01-02T13:55:14","modified_gmt":"2026-01-02T12:55:14","slug":"aus-dem-gemeinderat","status":"publish","type":"page","link":"https:\/\/gul-langenau.de\/?page_id=220","title":{"rendered":"Haushaltspl\u00e4ne"},"content":{"rendered":"\n<p class=\"has-large-font-size\">Haushaltsrede 2026<\/p>\n\n\n\n<div data-wp-interactive=\"core\/file\" class=\"wp-block-file\"><object data-wp-bind--hidden=\"!state.hasPdfPreview\" hidden class=\"wp-block-file__embed\" data=\"https:\/\/gul-langenau.de\/wp-content\/uploads\/sites\/190\/2026\/01\/Haushaltsrede_2026.pdf\" type=\"application\/pdf\" style=\"width:100%;height:600px\" aria-label=\"Einbettung von Haushaltsrede_2026.\"><\/object><a id=\"wp-block-file--media-0ad5f630-4fd9-4c8c-a1d5-ccef38cd65fa\" href=\"https:\/\/gul-langenau.de\/wp-content\/uploads\/sites\/190\/2026\/01\/Haushaltsrede_2026.pdf\">Haushaltsrede_2026<\/a><a href=\"https:\/\/gul-langenau.de\/wp-content\/uploads\/sites\/190\/2026\/01\/Haushaltsrede_2026.pdf\" class=\"wp-block-file__button wp-element-button\" download aria-describedby=\"wp-block-file--media-0ad5f630-4fd9-4c8c-a1d5-ccef38cd65fa\">Herunterladen<\/a><\/div>\n\n\n\n<p class=\"has-large-font-size\">Haushaltsplan 2026<\/p>\n\n\n\n<div data-wp-interactive=\"core\/file\" class=\"wp-block-file\"><object data-wp-bind--hidden=\"!state.hasPdfPreview\" hidden class=\"wp-block-file__embed\" data=\"https:\/\/gul-langenau.de\/wp-content\/uploads\/sites\/190\/2025\/12\/Haushalt2026-Antraege.pdf\" type=\"application\/pdf\" style=\"width:100%;height:600px\" aria-label=\"Einbettung von Haushalt2026 Antr\u00e4ge.\"><\/object><a id=\"wp-block-file--media-aedf50a8-802a-409d-9db5-0b79e59e0f6c\" href=\"https:\/\/gul-langenau.de\/wp-content\/uploads\/sites\/190\/2025\/12\/Haushalt2026-Antraege.pdf\">Haushalt2026 Antr\u00e4ge<\/a><a href=\"https:\/\/gul-langenau.de\/wp-content\/uploads\/sites\/190\/2025\/12\/Haushalt2026-Antraege.pdf\" class=\"wp-block-file__button wp-element-button\" download aria-describedby=\"wp-block-file--media-aedf50a8-802a-409d-9db5-0b79e59e0f6c\">Herunterladen<\/a><\/div>\n\n\n\n<p><\/p>\n\n\n\n<p class=\"has-large-font-size\">Haushaltsplan 2025<\/p>\n\n\n\n<div data-wp-interactive=\"core\/file\" class=\"wp-block-file\"><object data-wp-bind--hidden=\"!state.hasPdfPreview\" hidden class=\"wp-block-file__embed\" data=\"https:\/\/gul-langenau.de\/wp-content\/uploads\/sites\/190\/2025\/02\/Haushaltsrede-2025.pdf\" type=\"application\/pdf\" style=\"width:100%;height:600px\" aria-label=\"Einbettung von Haushaltsrede Haushaltsrede 2025.\"><\/object><a id=\"wp-block-file--media-91f70217-13aa-4851-80c8-74a896758562\" href=\"https:\/\/gul-langenau.de\/wp-content\/uploads\/sites\/190\/2025\/02\/Haushaltsrede-2025.pdf\">Haushaltsrede Haushaltsrede 2025<\/a><a href=\"https:\/\/gul-langenau.de\/wp-content\/uploads\/sites\/190\/2025\/02\/Haushaltsrede-2025.pdf\" class=\"wp-block-file__button wp-element-button\" download aria-describedby=\"wp-block-file--media-91f70217-13aa-4851-80c8-74a896758562\">Herunterladen<\/a><\/div>\n\n\n\n<div data-wp-interactive=\"core\/file\" class=\"wp-block-file\"><object data-wp-bind--hidden=\"!state.hasPdfPreview\" hidden class=\"wp-block-file__embed\" data=\"https:\/\/gul-langenau.de\/wp-content\/uploads\/sites\/190\/2025\/02\/GUL_Antraege-Haushalt_2025.pdf\" type=\"application\/pdf\" style=\"width:100%;height:600px\" aria-label=\"Einbettung von GUL Antr\u00e4ge Haushalt_2025.\"><\/object><a id=\"wp-block-file--media-5c42a9e6-d6e0-4ee0-9e21-fec2b0270801\" href=\"https:\/\/gul-langenau.de\/wp-content\/uploads\/sites\/190\/2025\/02\/GUL_Antraege-Haushalt_2025.pdf\">GUL Antr\u00e4ge Haushalt_2025<\/a><a href=\"https:\/\/gul-langenau.de\/wp-content\/uploads\/sites\/190\/2025\/02\/GUL_Antraege-Haushalt_2025.pdf\" class=\"wp-block-file__button wp-element-button\" download aria-describedby=\"wp-block-file--media-5c42a9e6-d6e0-4ee0-9e21-fec2b0270801\">Herunterladen<\/a><\/div>\n\n\n\n<p class=\"has-large-font-size\">Haushaltsplan 2024<\/p>\n\n\n\n<div data-wp-interactive=\"core\/file\" class=\"wp-block-file\"><object data-wp-bind--hidden=\"!state.hasPdfPreview\" hidden class=\"wp-block-file__embed\" data=\"https:\/\/gul-langenau.de\/wp-content\/uploads\/sites\/190\/2024\/11\/GUL-Haushaltsantraege_2024-1.pdf\" type=\"application\/pdf\" style=\"width:100%;height:600px\" aria-label=\"Einbettung von GUL-Haushaltsantr\u00e4ge_2024.\"><\/object><a id=\"wp-block-file--media-9fb1dfca-a399-4614-803f-2e8305c6689f\" href=\"https:\/\/gul-langenau.de\/wp-content\/uploads\/sites\/190\/2024\/11\/GUL-Haushaltsantraege_2024-1.pdf\">GUL-Haushaltsantr\u00e4ge_2024<\/a><a href=\"https:\/\/gul-langenau.de\/wp-content\/uploads\/sites\/190\/2024\/11\/GUL-Haushaltsantraege_2024-1.pdf\" class=\"wp-block-file__button wp-element-button\" download aria-describedby=\"wp-block-file--media-9fb1dfca-a399-4614-803f-2e8305c6689f\">Herunterladen<\/a><\/div>\n\n\n\n<div class=\"wp-block-file\"><a id=\"wp-block-file--media-60e503da-74e4-40f3-a91e-0c6717b6a4e0\" href=\"https:\/\/gul-langenau.de\/wp-content\/uploads\/sites\/190\/2024\/01\/Haushaltsrede-2024.pdf\">Haushaltsrede-2024<\/a><a href=\"https:\/\/gul-langenau.de\/wp-content\/uploads\/sites\/190\/2024\/01\/Haushaltsrede-2024.pdf\" class=\"wp-block-file__button wp-element-button\" download aria-describedby=\"wp-block-file--media-60e503da-74e4-40f3-a91e-0c6717b6a4e0\">Herunterladen<\/a><\/div>\n\n\n\n<p class=\"has-large-font-size\">Haushaltsplan 2023<\/p>\n\n\n\n<div class=\"wp-block-file\"><a id=\"wp-block-file--media-ad4cac15-6ee6-41c8-bb0f-9e1a91582838\" href=\"https:\/\/wordpress02.gcms.verdigado.net\/gul-langenau\/wp-content\/uploads\/sites\/190\/2023\/02\/haushaltsrede-2023.pdf\">Haushaltsrede 2023<\/a><a href=\"https:\/\/wordpress02.gcms.verdigado.net\/gul-langenau\/wp-content\/uploads\/sites\/190\/2023\/02\/haushaltsrede-2023.pdf\" class=\"wp-block-file__button wp-element-button\" download aria-describedby=\"wp-block-file--media-ad4cac15-6ee6-41c8-bb0f-9e1a91582838\">Herunterladen<\/a><\/div>\n\n\n\n<p><\/p>\n\n\n\n<div class=\"wp-block-file\"><a id=\"wp-block-file--media-e2e2532b-4974-4209-b656-f1d7fa21f945\" href=\"https:\/\/wordpress02.gcms.verdigado.net\/gul-langenau\/wp-content\/uploads\/sites\/190\/2023\/02\/gul_haushaltsantraege_2023.pdf\">GUL_Haushaltsantraege_2023<\/a><a href=\"https:\/\/wordpress02.gcms.verdigado.net\/gul-langenau\/wp-content\/uploads\/sites\/190\/2023\/02\/gul_haushaltsantraege_2023.pdf\" class=\"wp-block-file__button wp-element-button\" download aria-describedby=\"wp-block-file--media-e2e2532b-4974-4209-b656-f1d7fa21f945\">Herunterladen<\/a><\/div>\n\n\n\n<p class=\"has-large-font-size\">Haushaltsplan 2022<\/p>\n\n\n\n<div class=\"wp-block-file\"><a id=\"wp-block-file--media-d74468f0-76a1-4dd6-9697-10f302e5fa44\" href=\"https:\/\/wordpress02.gcms.verdigado.net\/gul-langenau\/wp-content\/uploads\/sites\/190\/2023\/02\/haushalt-2022.pdf\">Haushaltrede 2022<\/a><a href=\"https:\/\/wordpress02.gcms.verdigado.net\/gul-langenau\/wp-content\/uploads\/sites\/190\/2023\/02\/haushalt-2022.pdf\" class=\"wp-block-file__button wp-element-button\" download aria-describedby=\"wp-block-file--media-d74468f0-76a1-4dd6-9697-10f302e5fa44\">Herunterladen<\/a><\/div>\n\n\n\n<h3 class=\"wp-block-heading has-large-font-size\">Haushaltsplan der Stadt Langenau f\u00fcr das Jahr 2021<\/h3>\n\n\n\n<div class=\"wp-block-file\"><a id=\"wp-block-file--media-df5c5630-1d5c-49d3-a88a-c086bb82eeb9\" href=\"https:\/\/wordpress02.gcms.verdigado.net\/gul-langenau\/wp-content\/uploads\/sites\/190\/2021\/01\/gul-haushaltsrede-2021.pdf\">GUL Haushaltsrede 2021<\/a><a href=\"https:\/\/wordpress02.gcms.verdigado.net\/gul-langenau\/wp-content\/uploads\/sites\/190\/2021\/01\/gul-haushaltsrede-2021.pdf\" class=\"wp-block-file__button wp-element-button\" download aria-describedby=\"wp-block-file--media-df5c5630-1d5c-49d3-a88a-c086bb82eeb9\">Herunterladen<\/a><\/div>\n\n\n\n<div class=\"wp-block-file\"><a id=\"wp-block-file--media-1dbaea04-c3c6-4264-a74c-9224ad064aef\" href=\"https:\/\/wordpress02.gcms.verdigado.net\/gul-langenau\/wp-content\/uploads\/sites\/190\/2021\/01\/haushaltsplan-2021-ergebnisse-der-beratung.pdf\">Haushaltsplan-2021-Ergebnisse-der-Beratung<\/a><a href=\"https:\/\/wordpress02.gcms.verdigado.net\/gul-langenau\/wp-content\/uploads\/sites\/190\/2021\/01\/haushaltsplan-2021-ergebnisse-der-beratung.pdf\" class=\"wp-block-file__button wp-element-button\" download aria-describedby=\"wp-block-file--media-1dbaea04-c3c6-4264-a74c-9224ad064aef\">Herunterladen<\/a><\/div>\n\n\n\n<div class=\"wp-block-file\"><a id=\"wp-block-file--media-1788618a-0106-4a70-9db6-526871dc3475\" href=\"https:\/\/wordpress02.gcms.verdigado.net\/gul-langenau\/wp-content\/uploads\/sites\/190\/2021\/01\/gul_haushaltsantraege_2021_online.pdf\">GUL_Haushaltsantraege_2021_online<\/a><a href=\"https:\/\/wordpress02.gcms.verdigado.net\/gul-langenau\/wp-content\/uploads\/sites\/190\/2021\/01\/gul_haushaltsantraege_2021_online.pdf\" class=\"wp-block-file__button wp-element-button\" download aria-describedby=\"wp-block-file--media-1788618a-0106-4a70-9db6-526871dc3475\">Herunterladen<\/a><\/div>\n\n\n\n<h3 class=\"wp-block-heading\">Haushaltsplan der Stadt Langenau f\u00fcr das Jahr 2020<\/h3>\n\n\n\n<p>Haushaltsrede der GUL zur Beratung des Haushalt 2020 der Stadt Langenau am 17.01.2020<\/p>\n\n\n\n<div class=\"wp-block-file\"><a id=\"wp-block-file--media-ffd57115-527c-4045-85e3-74ae6f9a1924\" href=\"https:\/\/wordpress02.gcms.verdigado.net\/gul-langenau\/wp-content\/uploads\/sites\/190\/2020\/01\/rede-zum-haushalt-2020.pdf\">Rede zum Haushalt 2020<\/a><a href=\"https:\/\/wordpress02.gcms.verdigado.net\/gul-langenau\/wp-content\/uploads\/sites\/190\/2020\/01\/rede-zum-haushalt-2020.pdf\" class=\"wp-block-file__button wp-element-button\" download aria-describedby=\"wp-block-file--media-ffd57115-527c-4045-85e3-74ae6f9a1924\">Herunterladen<\/a><\/div>\n\n\n\n<p>Zur Sitzung des Ausschussses f\u00fcr Soziales und Verwaltung am Montag, 13. Januar 2020 haben wir \u00c4nderungsantr\u00e4ge zur Haushaltssatzung mit Haushaltsplan der Stadt Langenau f\u00fcr das Jahr 2020  eingereicht. Die Beratung lief sehr positiv f\u00fcr uns. Es wurde kein Antrag grunds\u00e4tzlich abgelehnt. Nachfolgenden die Antr\u00e4ge und die Abstimmungsergebnisse.<\/p>\n\n\n\n<div class=\"wp-block-file\"><a id=\"wp-block-file--media-1f581984-9b10-4e8a-9094-179727d61b38\" href=\"https:\/\/wordpress02.gcms.verdigado.net\/gul-langenau\/wp-content\/uploads\/sites\/190\/2020\/01\/gul_haushaltsantraege_2020-mit-ergebnissen.pdf\">\u00c4nderungsantr\u00e4ge zum Haushalt 2020 mit Abstimmungsergebnissen<\/a><a href=\"https:\/\/wordpress02.gcms.verdigado.net\/gul-langenau\/wp-content\/uploads\/sites\/190\/2020\/01\/gul_haushaltsantraege_2020-mit-ergebnissen.pdf\" class=\"wp-block-file__button wp-element-button\" download aria-describedby=\"wp-block-file--media-1f581984-9b10-4e8a-9094-179727d61b38\">Herunterladen<\/a><\/div>\n\n\n\n<h3 class=\"wp-block-heading\">Haushaltsplan der Stadt Langenau f\u00fcr das Jahr 2019<\/h3>\n\n\n\n<p>Haushaltsrede der GUL zur Beratung des Haushalt 2019 der Stadt Langenau am 18.01.2019<\/p>\n\n\n\n<div class=\"wp-block-file\"><a id=\"wp-block-file--media-4b690d14-fddd-4a8b-9ee4-5da8d51dffa6\" href=\"https:\/\/wordpress02.gcms.verdigado.net\/gul-langenau\/wp-content\/uploads\/sites\/190\/2019\/01\/haushaltsrede-2019.pdf\">Haushaltsrede-2019<\/a><a href=\"https:\/\/wordpress02.gcms.verdigado.net\/gul-langenau\/wp-content\/uploads\/sites\/190\/2019\/01\/haushaltsrede-2019.pdf\" class=\"wp-block-file__button wp-element-button\" download aria-describedby=\"wp-block-file--media-4b690d14-fddd-4a8b-9ee4-5da8d51dffa6\">Herunterladen<\/a><\/div>\n\n\n\n<p>Alle \u00c4nderungsantr\u00e4ge der GUL zum Haushaltsplan 2019 der Stadt Langenau mit den Ergebnissen der Abstimmungen in der Sitzung des Ausschuss f\u00fcr Soziales und Verwaltung am 14.01.2019<\/p>\n\n\n\n<div class=\"wp-block-file\"><a id=\"wp-block-file--media-a5c5c39e-5974-4446-a3c0-3fc4907c099e\" href=\"https:\/\/wordpress02.gcms.verdigado.net\/gul-langenau\/wp-content\/uploads\/sites\/190\/2019\/01\/gul_antraege_haushaltsplan-2019-mit-ergebnissen.pdf\">\u00c4nderungsantr\u00e4ge zum Haushaltsplan-2019 mit Abstimmungsergebnissen<\/a><a href=\"https:\/\/wordpress02.gcms.verdigado.net\/gul-langenau\/wp-content\/uploads\/sites\/190\/2019\/01\/gul_antraege_haushaltsplan-2019-mit-ergebnissen.pdf\" class=\"wp-block-file__button wp-element-button\" download aria-describedby=\"wp-block-file--media-a5c5c39e-5974-4446-a3c0-3fc4907c099e\">Herunterladen<\/a><\/div>\n\n\n\n<p><\/p>\n\n\n\n<p><\/p>\n\n\n\n<p><\/p>\n","protected":false},"excerpt":{"rendered":"<p>Haushaltsrede 2026 Haushaltsplan 2026 Haushaltsplan 2025 Haushaltsplan 2024 Haushaltsplan 2023 Haushaltsplan 2022 Haushaltsplan der Stadt Langenau f\u00fcr das Jahr 2021 Haushaltsplan der Stadt Langenau f\u00fcr das Jahr 2020 Haushaltsrede der [&hellip;]<\/p>\n","protected":false},"author":397,"featured_media":0,"parent":0,"menu_order":0,"comment_status":"closed","ping_status":"closed","template":"","meta":{"footnotes":""},"class_list":["post-220","page","type-page","status-publish","hentry"],"_links":{"self":[{"href":"https:\/\/gul-langenau.de\/index.php?rest_route=\/wp\/v2\/pages\/220","targetHints":{"allow":["GET"]}}],"collection":[{"href":"https:\/\/gul-langenau.de\/index.php?rest_route=\/wp\/v2\/pages"}],"about":[{"href":"https:\/\/gul-langenau.de\/index.php?rest_route=\/wp\/v2\/types\/page"}],"author":[{"embeddable":true,"href":"https:\/\/gul-langenau.de\/index.php?rest_route=\/wp\/v2\/users\/397"}],"replies":[{"embeddable":true,"href":"https:\/\/gul-langenau.de\/index.php?rest_route=%2Fwp%2Fv2%2Fcomments&post=220"}],"version-history":[{"count":6,"href":"https:\/\/gul-langenau.de\/index.php?rest_route=\/wp\/v2\/pages\/220\/revisions"}],"predecessor-version":[{"id":1408,"href":"https:\/\/gul-langenau.de\/index.php?rest_route=\/wp\/v2\/pages\/220\/revisions\/1408"}],"wp:attachment":[{"href":"https:\/\/gul-langenau.de\/index.php?rest_route=%2Fwp%2Fv2%2Fmedia&parent=220"}],"curies":[{"name":"wp","href":"https:\/\/api.w.org\/{rel}","templated":true}]}}