{"id":1274,"date":"2024-06-03T09:53:47","date_gmt":"2024-06-03T07:53:47","guid":{"rendered":"https:\/\/gul-langenau.de\/?page_id=1274"},"modified":"2024-06-03T09:53:48","modified_gmt":"2024-06-03T07:53:48","slug":"unsere-ziele-im-gemeinderat-langenau-2024","status":"publish","type":"page","link":"https:\/\/gul-langenau.de\/?page_id=1274","title":{"rendered":"Unsere Ziele im Gemeinderat Langenau 2024"},"content":{"rendered":"\n<p>Wir wollen unsere Stadt und die Ortsteile <strong>lebenswerter und attraktiver<\/strong> gestalten.<br>Alle Kinder, Jugendliche und Erwachsene sollen sich dort Wohlf\u00fchlen und sich gerne dort miteinander aufhalten. Dazu geh\u00f6ren neugestaltete Pl\u00e4tze, Fu\u00dfg\u00e4ngerzonen und verkehrsberuhigte Zonen.<br>Wir fordern auf den Klimawandel mit Begr\u00fcnung, Beschattung und Wasserspendern zu reagieren.\u00a0<\/p>\n\n\n\n<p>Langenau ist in <strong>Kultur und Bildung<\/strong> gut aufgestellt. <br>Stadtb\u00fccherei, Kulturveranstaltungen, Museen und Treffpunkte m\u00fcssen aber den zuk\u00fcnftigen Anspr\u00fcchen gerecht werden. Ob dies in den bestehenden historischen Geb\u00e4uden oder in einem neuen Kulturzentrum umsetzbar ist, muss gepr\u00fcft werden.<\/p>\n\n\n\n<p>Die <strong>Radwege<\/strong> sollen im ganzen Stadtgebiet sicherer ausgebaut werden. Durch <strong>Fahrradschutzstreifen<\/strong> entlang den Hauptstra\u00dfen werden sowohl der Radverkehr attraktiver als auch die Gehwege freundlicher und sicherer f\u00fcr Fu\u00dfg\u00e4nger.<\/p>\n\n\n\n<p>Wir wollen <strong>weniger L\u00e4rm und mehr Sicherheit<\/strong> durch Tempo 30 innerhalb der Stadt und den Ortsteilen. <br>Die Anlieger an den vielbefahrenen Stra\u00dfen m\u00fcssen durch Umleitung des Schwerlastverkehrs und durch die Anbindung der Nordachse an die Elchinger Strasse au\u00dferorts entlastet werden.<\/p>\n\n\n\n<p>Wir setzen uns daf\u00fcr ein, dass auch die Stadt Langenau <strong>bezahlbaren Wohnraum<\/strong> schafft, damit auch Menschen mit geringerem Einkommen eine Wohnung finden.<\/p>\n\n\n\n<p>Unser Ziel ist es, <strong>Kinder und Jugendliche<\/strong> an allen wesentlichen Entscheidungen in ihrer Lebenswelt direkt zu beteiligen. Dazu wollen wir den Ablauf im 8er-Rat verbessern und Beschl\u00fcsse umgehend umsetzen.<\/p>\n\n\n\n<p>F\u00fcr mehr <strong>Natur und Artenvielfalt<\/strong> m\u00f6chten wir die Niedermoorfl\u00e4chen im Langenauer Ried ausweiten und Bachl\u00e4ufe und Gew\u00e4sser renaturieren.<\/p>\n\n\n\n<p>Wir fordern vom Alb Donau Kreis, den Erhalt des<strong> Langenauer Krankenhauses<\/strong> und des MVZs langfristig zu sichern.<\/p>\n\n\n\n<p><strong>Regenerative Energien<\/strong> wie PV-Anlagen und Windr\u00e4der sollen mit B\u00fcrgergenossenschaften umgesetzt werden. Die B\u00fcrgerinnen und B\u00fcrger sollen aktiv am Umweltschutz beteiligt werden.<\/p>\n\n\n\n<p>Das <strong>W\u00e4rmenetz<\/strong> ist auszubauen und mit preiswerten L\u00f6sungen den B\u00fcrgerinnen und B\u00fcrgern anzubieten.<\/p>\n\n\n\n<p>Wir unterst\u00fctzen die b\u00e4uerliche-\u00f6kologische <strong>Landwirtschaft<\/strong> und f\u00f6rdern die Vermarktung von regionalen gesunden Lebensmitteln.<\/p>\n\n\n\n<p>Langenau ist <strong>Fair Trade Stadt<\/strong>. <br>Wir wollen, dass der Faire Handel sich weiter im Bewusstsein der B\u00fcrgerinnen und B\u00fcrger etabliert und unterst\u00fctzt wird.<\/p>\n\n\n\n<p>Die Teilhabe der B\u00fcrgerinnen und B\u00fcrger am gesellschaftlichen Leben soll durch Transparenz und der M\u00f6glichkeit der Mitarbeit gest\u00e4rkt werden.<\/p>\n\n\n\n<p>Wir fordern einen <strong>Kultur- und Festbeirat <\/strong>f\u00fcr st\u00e4dtische Veranstaltungen.<\/p>\n","protected":false},"excerpt":{"rendered":"<p>Wir wollen unsere Stadt und die Ortsteile lebenswerter und attraktiver gestalten.Alle Kinder, Jugendliche und Erwachsene sollen sich dort Wohlf\u00fchlen und sich gerne dort miteinander aufhalten. Dazu geh\u00f6ren neugestaltete Pl\u00e4tze, Fu\u00dfg\u00e4ngerzonen [&hellip;]<\/p>\n","protected":false},"author":397,"featured_media":0,"parent":0,"menu_order":0,"comment_status":"closed","ping_status":"closed","template":"","meta":{"footnotes":""},"class_list":["post-1274","page","type-page","status-publish","hentry"],"_links":{"self":[{"href":"https:\/\/gul-langenau.de\/index.php?rest_route=\/wp\/v2\/pages\/1274","targetHints":{"allow":["GET"]}}],"collection":[{"href":"https:\/\/gul-langenau.de\/index.php?rest_route=\/wp\/v2\/pages"}],"about":[{"href":"https:\/\/gul-langenau.de\/index.php?rest_route=\/wp\/v2\/types\/page"}],"author":[{"embeddable":true,"href":"https:\/\/gul-langenau.de\/index.php?rest_route=\/wp\/v2\/users\/397"}],"replies":[{"embeddable":true,"href":"https:\/\/gul-langenau.de\/index.php?rest_route=%2Fwp%2Fv2%2Fcomments&post=1274"}],"version-history":[{"count":1,"href":"https:\/\/gul-langenau.de\/index.php?rest_route=\/wp\/v2\/pages\/1274\/revisions"}],"predecessor-version":[{"id":1275,"href":"https:\/\/gul-langenau.de\/index.php?rest_route=\/wp\/v2\/pages\/1274\/revisions\/1275"}],"wp:attachment":[{"href":"https:\/\/gul-langenau.de\/index.php?rest_route=%2Fwp%2Fv2%2Fmedia&parent=1274"}],"curies":[{"name":"wp","href":"https:\/\/api.w.org\/{rel}","templated":true}]}}