{"id":1133,"date":"2024-04-15T10:55:01","date_gmt":"2024-04-15T08:55:01","guid":{"rendered":"https:\/\/gul-langenau.de\/?page_id=1133"},"modified":"2024-05-20T17:35:12","modified_gmt":"2024-05-20T15:35:12","slug":"anfragen-antraege-2019-bis-2024","status":"publish","type":"page","link":"https:\/\/gul-langenau.de\/?page_id=1133","title":{"rendered":"Anfragen\/ Antr\u00e4ge 2019 bis 2024"},"content":{"rendered":"\n<p>Nach der Gemeindeordnung in Baden-W\u00fcrttemberg entscheidet der B\u00fcrgermeister \u00fcber die Punkte, die in der Sitzung des Gemeinderats behandelt werden.<br>Aber auch Gemeinder\u00e4tinnen und Gemeinder\u00e4te als Fraktion oder ein Sechstel des Gemeinderats k\u00f6nnen die Aufnahme von Themen beantragen. Der B\u00fcrgermeister muss diese dann sp\u00e4testens in der \u00fcbern\u00e4chsten Sitzung auf die Tagesordnung setzen.<br>Anfragen an den B\u00fcrgermeister k\u00f6nnen von jeder Gemeinder\u00e4tin und Gemeinderat schriftlich, elektronisch oder in einer Sitzung m\u00fcndlich gestellt werden. Anfragen sind in der Regel innerhalb von 4 Wochen zu beantworten.<\/p>\n\n\n\n<p>Hier sind die schriftlichen Antr\u00e4ge und Anfragen in der letzten Wahlperiode von 2019 bis 2024 aufgef\u00fchrt. Details k\u00f6nnen Sie bei uns nachfragen.<\/p>\n\n\n\n<div class=\"wp-block-file\"><a id=\"wp-block-file--media-db2589d9-de22-459b-99b5-7da9369e239f\" href=\"https:\/\/gul-langenau.de\/wp-content\/uploads\/sites\/190\/2024\/05\/GUL_Anfragen_Antraege-_2019-2024.pdf\" target=\"_blank\" rel=\"noreferrer noopener\">GUL_Anfragen_Antraege-_2019-2024<\/a><a href=\"https:\/\/gul-langenau.de\/wp-content\/uploads\/sites\/190\/2024\/05\/GUL_Anfragen_Antraege-_2019-2024.pdf\" class=\"wp-block-file__button wp-element-button\" download aria-describedby=\"wp-block-file--media-db2589d9-de22-459b-99b5-7da9369e239f\">Herunterladen<\/a><\/div>\n","protected":false},"excerpt":{"rendered":"<p>Nach der Gemeindeordnung in Baden-W\u00fcrttemberg entscheidet der B\u00fcrgermeister \u00fcber die Punkte, die in der Sitzung des Gemeinderats behandelt werden.Aber auch Gemeinder\u00e4tinnen und Gemeinder\u00e4te als Fraktion oder ein Sechstel des Gemeinderats [&hellip;]<\/p>\n","protected":false},"author":397,"featured_media":0,"parent":0,"menu_order":0,"comment_status":"closed","ping_status":"closed","template":"","meta":{"footnotes":""},"class_list":["post-1133","page","type-page","status-publish","hentry"],"_links":{"self":[{"href":"https:\/\/gul-langenau.de\/index.php?rest_route=\/wp\/v2\/pages\/1133","targetHints":{"allow":["GET"]}}],"collection":[{"href":"https:\/\/gul-langenau.de\/index.php?rest_route=\/wp\/v2\/pages"}],"about":[{"href":"https:\/\/gul-langenau.de\/index.php?rest_route=\/wp\/v2\/types\/page"}],"author":[{"embeddable":true,"href":"https:\/\/gul-langenau.de\/index.php?rest_route=\/wp\/v2\/users\/397"}],"replies":[{"embeddable":true,"href":"https:\/\/gul-langenau.de\/index.php?rest_route=%2Fwp%2Fv2%2Fcomments&post=1133"}],"version-history":[{"count":3,"href":"https:\/\/gul-langenau.de\/index.php?rest_route=\/wp\/v2\/pages\/1133\/revisions"}],"predecessor-version":[{"id":1236,"href":"https:\/\/gul-langenau.de\/index.php?rest_route=\/wp\/v2\/pages\/1133\/revisions\/1236"}],"wp:attachment":[{"href":"https:\/\/gul-langenau.de\/index.php?rest_route=%2Fwp%2Fv2%2Fmedia&parent=1133"}],"curies":[{"name":"wp","href":"https:\/\/api.w.org\/{rel}","templated":true}]}}