{"id":1132,"date":"2024-04-17T13:35:28","date_gmt":"2024-04-17T11:35:28","guid":{"rendered":"https:\/\/gul-langenau.de\/?page_id=1132"},"modified":"2024-08-01T14:50:03","modified_gmt":"2024-08-01T12:50:03","slug":"gemeinderatswahl-2024-2","status":"publish","type":"page","link":"https:\/\/gul-langenau.de\/?page_id=1132","title":{"rendered":"Gemeinderatswahl 2024"},"content":{"rendered":"\n<figure class=\"wp-block-image aligncenter size-full is-resized\"><img loading=\"lazy\" decoding=\"async\" width=\"530\" height=\"795\" src=\"https:\/\/gul-langenau.de\/wp-content\/uploads\/sites\/190\/2024\/06\/GUL_AE_2024_viertelseitig_sw_KW_24-1-1.jpg\" alt=\"\" class=\"wp-image-1282\" style=\"width:300px\" srcset=\"https:\/\/gul-langenau.de\/wp-content\/uploads\/sites\/190\/2024\/06\/GUL_AE_2024_viertelseitig_sw_KW_24-1-1.jpg 530w, https:\/\/gul-langenau.de\/wp-content\/uploads\/sites\/190\/2024\/06\/GUL_AE_2024_viertelseitig_sw_KW_24-1-1-200x300.jpg 200w\" sizes=\"auto, (max-width: 530px) 100vw, 530px\" \/><\/figure>\n\n\n\n<p><\/p>\n\n\n\n<p style=\"font-size:clamp(18.959px, 1.185rem + ((1vw - 3.2px) * 1.255), 30px);\"><strong>Was tun wir im Gemeinderat<\/strong><\/p>\n\n\n\n<p>Wir sind eine unabh\u00e4ngige W\u00e4hlervereinigung in der Stadt Langenau mit den Teilorten Albeck, G\u00f6ttingen und H\u00f6rvelsingen. Wir setzen uns aus unabh\u00e4ngigen B\u00fcrgern und Mitgliedern des Langenauer Ortsverbands B\u00fcndnis 90\/Die Gr\u00fcnen zusammen. <br>Seit 40 Jahren gestalten wir die Kommunalpolitik in Langenau mit.<\/p>\n\n\n\n<p>Als unabh\u00e4ngige W\u00e4hlervereinigung sind wir jedoch an keine parteipolitischen Vorgaben gebunden. <br>Wir entscheiden im konkreten Fall was f\u00fcr unsere Stadt das Beste ist.<\/p>\n\n\n\n<p>Mit vielen schriftlichen und m\u00fcndlichen Anfragen und Antr\u00e4gen hinterfragen wir sensible Themen und streiten, falls notwendig, f\u00fcr die gute Sache.<br>Unsere Anfragen und Antr\u00e4ge f\u00fcr 2019 bis 2024 sind unter <a href=\"http:\/\/www.gul-langenau.de\">www.gul-langenau.de<\/a> nachzulesen.<\/p>\n\n\n\n<p>Auch f\u00fcr die neue Wahlperiode haben wir ein Wahlprogramm mit definierten Zielen und einer klaren politischen Ausrichtung aufgestellt.<br>Die Ma\u00dfnahmen und Projekte m\u00fcssen klimafreundlich, umweltgerecht, zukunftsorientiert, generationengerecht und bezahlbar sein.<\/p>\n\n\n\n<p>Unsere Fraktion arbeitet im Team und bringt daher viel Erfahrung und Sachverstand bei den unterschiedlichsten Themen im Gremium ein.<br>Wir m\u00f6chten unsere erfolgreiche Arbeit im Gemeinderat fortsetzen.<\/p>\n\n\n\n<p>Sie haben es in der Hand, wer in den n\u00e4chsten 5 Jahren die Entscheidungen im Langenauer Gemeinderat mitbestimmt. <br>Wir bewegen was.<\/p>\n\n\n\n<p><strong>Wir brauchen Ihre Stimmen, damit wir unsere Ziele in unserer Stadt umsetzen k\u00f6nnen.<\/strong><\/p>\n\n\n\n<p style=\"font-size:clamp(18.959px, 1.185rem + ((1vw - 3.2px) * 1.255), 30px);\"><strong>Unsere Ziele im Gemeinderat<\/strong><\/p>\n\n\n\n<p>Wir wollen unsere Stadt und die Ortsteile <strong>lebenswerter und attraktiver<\/strong> gestalten. <br>Alle Kinder, Jugendliche und Erwachsene sollen sich dort Wohlf\u00fchlen und sich gerne dort miteinander aufhalten. Dazu geh\u00f6ren neugestaltete Pl\u00e4tze, Fu\u00dfg\u00e4ngerzonen und verkehrsberuhigte Zonen<strong>.<\/strong> <br>Wir fordern auch den <strong>Klimawandel <\/strong>durch Begr\u00fcnungen, Beschattungen und Wasserspendern einzuplanen.<\/p>\n\n\n\n<p>Langenau ist gut in Kultur und Bildung. Stadtb\u00fccherei, Kulturveranstaltungen, Museen und Treffpunkte m\u00fcssen aber den zuk\u00fcnftigen Anspr\u00fcchen gerecht werden.<br>Ob dies in den bestehenden historischen Geb\u00e4uden oder in einem neuen Kulturzentrum umsetzbar ist, muss gepr\u00fcft werden.<\/p>\n\n\n\n<p>Die Radwege sollen im ganzen Stadtgebiet sicherer ausgebaut werden. <br>Durch <strong>Fahrradschutzstreifen<\/strong> entlang den Hauptstra\u00dfen wird sowohl der Radverkehr attraktiver und auch die Gehwege freundlicher und sicherer f\u00fcr Fu\u00dfg\u00e4nger.<br>Wir wollen <strong>weniger L\u00e4rm und mehr Sicherheit<\/strong> durch Tempo 30 innerhalb der Stadt und den Ortsteilen. Die Anlieger an den vielbefahrenen Stra\u00dfen m\u00fcssen durch Umleitung des Schwerlastverkehrs und durch die Anbindung der Nordachse an die Elchinger Strasse au\u00dferorts entlastet werden.<\/p>\n\n\n\n<p>Wir setzen uns daf\u00fcr ein, dass auch die Stadt Langenau <strong>bezahlbaren Wohnraum<\/strong> schafft, damit auch Menschen mit geringerem Einkommen eine Wohnung finden.<\/p>\n\n\n\n<p>Unser Ziel ist es, <strong>Kinder und Jugendliche<\/strong> an allen wesentlichen Entscheidungen in ihrer Lebenswelt direkt zu beteiligen. Dazu wollen wir den Ablauf im 8er-Rat verbessern und Beschl\u00fcsse umgehend umsetzen.<\/p>\n\n\n\n<p>F\u00fcr mehr <strong>Natur und Artenvielfalt<\/strong> m\u00f6chten wir die Niedermoorfl\u00e4chen im Langenauer Ried ausweiten und Bachl\u00e4ufe und Gew\u00e4ssern renaturieren.<\/p>\n\n\n\n<p>Wir fordern vom Alb Donau Kreis, den <strong>Erhalt des Langenauer Krankenhaus<\/strong> und des MVZ langfristig zu sichern.<\/p>\n\n\n\n<p><strong>Regenerative Energien<\/strong> wie PV-Anlagen und Windr\u00e4der sollen mit B\u00fcrgergenossenschaften umgesetzt werden. Die B\u00fcrgerinnen und B\u00fcrger sollen aktiv am Umweltschutz beteiligt werden.<br>Das W\u00e4rmenetzes ist auszubauen und mit preiswerten L\u00f6sungen den B\u00fcrgerinnen und B\u00fcrger anzubieten.<\/p>\n\n\n\n<p>Wir unterst\u00fctzen die b\u00e4uerliche-\u00f6kologische <strong>Landwirtschaft<\/strong> und f\u00f6rdern die Vermarktung von regionalem gesundem Lebensmittel.<\/p>\n\n\n\n<p>Langenau ist <strong>Fairtrade-Stadt<\/strong> und soll den fairen Handel weiterhin vorbildlich unterst\u00fctzen.<\/p>\n\n\n\n<p>Die Teilhabe der B\u00fcrgerinnen und B\u00fcrger am gesellschaftlichen Leben soll durch Transparenz und Mitarbeit gest\u00e4rkt werden. Wir fordern einen <strong>Kultur- und Festbeirat <\/strong>f\u00fcr st\u00e4dtische Veranstaltungen.<\/p>\n","protected":false},"excerpt":{"rendered":"<p>Was tun wir im Gemeinderat Wir sind eine unabh\u00e4ngige W\u00e4hlervereinigung in der Stadt Langenau mit den Teilorten Albeck, G\u00f6ttingen und H\u00f6rvelsingen. Wir setzen uns aus unabh\u00e4ngigen B\u00fcrgern und Mitgliedern des [&hellip;]<\/p>\n","protected":false},"author":397,"featured_media":0,"parent":0,"menu_order":0,"comment_status":"closed","ping_status":"closed","template":"","meta":{"footnotes":""},"class_list":["post-1132","page","type-page","status-publish","hentry"],"_links":{"self":[{"href":"https:\/\/gul-langenau.de\/index.php?rest_route=\/wp\/v2\/pages\/1132","targetHints":{"allow":["GET"]}}],"collection":[{"href":"https:\/\/gul-langenau.de\/index.php?rest_route=\/wp\/v2\/pages"}],"about":[{"href":"https:\/\/gul-langenau.de\/index.php?rest_route=\/wp\/v2\/types\/page"}],"author":[{"embeddable":true,"href":"https:\/\/gul-langenau.de\/index.php?rest_route=\/wp\/v2\/users\/397"}],"replies":[{"embeddable":true,"href":"https:\/\/gul-langenau.de\/index.php?rest_route=%2Fwp%2Fv2%2Fcomments&post=1132"}],"version-history":[{"count":3,"href":"https:\/\/gul-langenau.de\/index.php?rest_route=\/wp\/v2\/pages\/1132\/revisions"}],"predecessor-version":[{"id":1289,"href":"https:\/\/gul-langenau.de\/index.php?rest_route=\/wp\/v2\/pages\/1132\/revisions\/1289"}],"wp:attachment":[{"href":"https:\/\/gul-langenau.de\/index.php?rest_route=%2Fwp%2Fv2%2Fmedia&parent=1132"}],"curies":[{"name":"wp","href":"https:\/\/api.w.org\/{rel}","templated":true}]}}