{"id":1070,"date":"2024-04-03T20:10:08","date_gmt":"2024-04-03T18:10:08","guid":{"rendered":"https:\/\/gul-langenau.de\/?page_id=1070"},"modified":"2024-05-06T09:03:42","modified_gmt":"2024-05-06T07:03:42","slug":"entwurf-gul-kandidatenliste","status":"publish","type":"page","link":"https:\/\/gul-langenau.de\/?page_id=1070","title":{"rendered":"GUL- Kandidatenliste"},"content":{"rendered":"\n<p class=\"has-large-font-size\">Wohnbezirk Langenau<\/p>\n\n\n\n<div class=\"wp-block-media-text is-stacked-on-mobile\" style=\"grid-template-columns:30% auto\"><figure class=\"wp-block-media-text__media\"><img loading=\"lazy\" decoding=\"async\" width=\"1024\" height=\"953\" src=\"https:\/\/gul-langenau.de\/wp-content\/uploads\/sites\/190\/2024\/04\/renate_mayer-tayblum_P3300025_1-1-1024x953.jpg\" alt=\"\" class=\"wp-image-1186 size-full\" srcset=\"https:\/\/gul-langenau.de\/wp-content\/uploads\/sites\/190\/2024\/04\/renate_mayer-tayblum_P3300025_1-1-1024x953.jpg 1024w, https:\/\/gul-langenau.de\/wp-content\/uploads\/sites\/190\/2024\/04\/renate_mayer-tayblum_P3300025_1-1-300x279.jpg 300w, https:\/\/gul-langenau.de\/wp-content\/uploads\/sites\/190\/2024\/04\/renate_mayer-tayblum_P3300025_1-1-768x715.jpg 768w, https:\/\/gul-langenau.de\/wp-content\/uploads\/sites\/190\/2024\/04\/renate_mayer-tayblum_P3300025_1-1-1536x1430.jpg 1536w, https:\/\/gul-langenau.de\/wp-content\/uploads\/sites\/190\/2024\/04\/renate_mayer-tayblum_P3300025_1-1.jpg 1820w\" sizes=\"auto, (max-width: 1024px) 100vw, 1024px\" \/><\/figure><div class=\"wp-block-media-text__content\">\n<p><strong>Renate Maier-Tayblum<\/strong> <\/p>\n\n\n\n<p>Architektin, 60 Jahre, verheiratet<\/p>\n\n\n\n<p>Seit 16 Jahren im Gemeinderat<br>Mitglied in der Fairtradegruppe.<\/p>\n\n\n\n<p>Ich stehe ein f\u00fcr die Entwicklung einer&nbsp;klimaangepassten, lebenswerten und lebendigen Stadt. <br>Nachverdichtung soll angemessen und mit Respekt vor dem Bew\u00e4hrten und&nbsp;Gewachsenen erfolgen.<\/p>\n<\/div><\/div>\n\n\n\n<div class=\"wp-block-media-text is-stacked-on-mobile\" style=\"grid-template-columns:30% auto\"><figure class=\"wp-block-media-text__media\"><a href=\"https:\/\/gul-langenau.de\/?attachment_id=1162\" target=\"_blank\" rel=\"https:\/\/gruene-alb-donau.de\/start noreferrer noopener\"><img loading=\"lazy\" decoding=\"async\" width=\"893\" height=\"1024\" src=\"https:\/\/gul-langenau.de\/wp-content\/uploads\/sites\/190\/2024\/04\/roland_riedlinger_P4180006_1-893x1024.jpg\" alt=\"\" class=\"wp-image-1162 size-full\" srcset=\"https:\/\/gul-langenau.de\/wp-content\/uploads\/sites\/190\/2024\/04\/roland_riedlinger_P4180006_1-893x1024.jpg 893w, https:\/\/gul-langenau.de\/wp-content\/uploads\/sites\/190\/2024\/04\/roland_riedlinger_P4180006_1-262x300.jpg 262w, https:\/\/gul-langenau.de\/wp-content\/uploads\/sites\/190\/2024\/04\/roland_riedlinger_P4180006_1-768x881.jpg 768w, https:\/\/gul-langenau.de\/wp-content\/uploads\/sites\/190\/2024\/04\/roland_riedlinger_P4180006_1-1339x1536.jpg 1339w, https:\/\/gul-langenau.de\/wp-content\/uploads\/sites\/190\/2024\/04\/roland_riedlinger_P4180006_1.jpg 1776w\" sizes=\"auto, (max-width: 893px) 100vw, 893px\" \/><\/a><\/figure><div class=\"wp-block-media-text__content\">\n<p><strong>Roland Riedlinger<\/strong><\/p>\n\n\n\n<p>Realschullehrer i.R., 73 Jahre, verheiratet, 3 erwachsene Kinder, 5 Enkel<\/p>\n\n\n\n<p>Seit 30 Jahren f\u00fcr die GUL im Gemeinderat, Fraktionsvorsitzender<\/p>\n\n\n\n<p>Aktiv bei BUND, Weltladen, Naturfreunde, Fair Trade Gruppe<\/p>\n\n\n\n<p>Meine Ziele: F\u00fcr <strong>alle<\/strong> Altersgruppen eine \u00f6kologisch und sozial ausgewogene Entwicklung in Langenau und den Ortsteilen.<\/p>\n<\/div><\/div>\n\n\n\n<div class=\"wp-block-media-text is-stacked-on-mobile\" style=\"grid-template-columns:30% auto\"><figure class=\"wp-block-media-text__media\"><img loading=\"lazy\" decoding=\"async\" width=\"699\" height=\"1024\" src=\"https:\/\/gul-langenau.de\/wp-content\/uploads\/sites\/190\/2024\/04\/pamela_schneider_P4190025_1-699x1024.jpg\" alt=\"\" class=\"wp-image-1163 size-full\" srcset=\"https:\/\/gul-langenau.de\/wp-content\/uploads\/sites\/190\/2024\/04\/pamela_schneider_P4190025_1-699x1024.jpg 699w, https:\/\/gul-langenau.de\/wp-content\/uploads\/sites\/190\/2024\/04\/pamela_schneider_P4190025_1-205x300.jpg 205w, https:\/\/gul-langenau.de\/wp-content\/uploads\/sites\/190\/2024\/04\/pamela_schneider_P4190025_1-768x1126.jpg 768w, https:\/\/gul-langenau.de\/wp-content\/uploads\/sites\/190\/2024\/04\/pamela_schneider_P4190025_1-1048x1536.jpg 1048w, https:\/\/gul-langenau.de\/wp-content\/uploads\/sites\/190\/2024\/04\/pamela_schneider_P4190025_1-1397x2048.jpg 1397w, https:\/\/gul-langenau.de\/wp-content\/uploads\/sites\/190\/2024\/04\/pamela_schneider_P4190025_1.jpg 1507w\" sizes=\"auto, (max-width: 699px) 100vw, 699px\" \/><\/figure><div class=\"wp-block-media-text__content\">\n<p><strong>Pamela Schneider<\/strong><\/p>\n\n\n\n<p>Ergotherapeutin nebenberuflich Biodynamische Craniosacral Therapeutin &amp; ENWAKO-Trainerin in eigener Praxis,<br>59 Jahre, drei erwachsene Kinder &amp; einen Hund<br>Reingeschmeckte Wahl-Schw\u00e4bin seit 2010<\/p>\n\n\n\n<p>In meinem Zukunftsbild von Langenau wohnen wir in einer lebendigen Stadt, die von uns allen gemeinsam gestaltet wird und sich durch Gemeinschaft, gr\u00fcne Fl\u00e4chen und vielf\u00e4ltige \u00f6ffentliche R\u00e4ume auszeichnet. <br>Daf\u00fcr brauchen wir R\u00e4ume f\u00fcr Kultur und Gespr\u00e4ch, f\u00fcr Kreativit\u00e4t und Natur \u2013 im Innen, wie im Au\u00dfen.<\/p>\n<\/div><\/div>\n\n\n\n<div class=\"wp-block-media-text is-stacked-on-mobile\" style=\"grid-template-columns:30% auto\"><figure class=\"wp-block-media-text__media\"><img loading=\"lazy\" decoding=\"async\" width=\"795\" height=\"1024\" src=\"https:\/\/gul-langenau.de\/wp-content\/uploads\/sites\/190\/2024\/04\/heiner_buck_4135395_1-795x1024.jpg\" alt=\"\" class=\"wp-image-1165 size-full\" srcset=\"https:\/\/gul-langenau.de\/wp-content\/uploads\/sites\/190\/2024\/04\/heiner_buck_4135395_1-795x1024.jpg 795w, https:\/\/gul-langenau.de\/wp-content\/uploads\/sites\/190\/2024\/04\/heiner_buck_4135395_1-233x300.jpg 233w, https:\/\/gul-langenau.de\/wp-content\/uploads\/sites\/190\/2024\/04\/heiner_buck_4135395_1-768x989.jpg 768w, https:\/\/gul-langenau.de\/wp-content\/uploads\/sites\/190\/2024\/04\/heiner_buck_4135395_1-1192x1536.jpg 1192w, https:\/\/gul-langenau.de\/wp-content\/uploads\/sites\/190\/2024\/04\/heiner_buck_4135395_1.jpg 1453w\" sizes=\"auto, (max-width: 795px) 100vw, 795px\" \/><\/figure><div class=\"wp-block-media-text__content\">\n<p><strong>Heinrich Buck<\/strong><\/p>\n\n\n\n<p>Diplom-Ingenieur i. R., freiberufliche Nebent\u00e4tigkeit als Projektingenieur, verheiratet, einen Sohn<\/p>\n\n\n\n<p>GUL- Gemeinderat von 1984-1999 und wieder seit 2014<br>Mitglied bei B90\/ Die Gr\u00fcnen<br>Aktiv beim TSV Langenau Tennis<\/p>\n\n\n\n<p>Mit meiner Erfahrung, meinem Sachverstand und mit meinen Ideen m\u00f6chte ich meine Heimatstadt Langenau lebendiger und lebenswerter gestalten und fit f\u00fcr die Zukunft machen.<\/p>\n\n\n\n<p><br> <br><\/p>\n<\/div><\/div>\n\n\n\n<div class=\"wp-block-media-text is-stacked-on-mobile\" style=\"grid-template-columns:30% auto\"><figure class=\"wp-block-media-text__media\"><img loading=\"lazy\" decoding=\"async\" width=\"1024\" height=\"980\" src=\"https:\/\/gul-langenau.de\/wp-content\/uploads\/sites\/190\/2024\/04\/anita_laible_4135419_1-1024x980.jpg\" alt=\"\" class=\"wp-image-1166 size-full\" srcset=\"https:\/\/gul-langenau.de\/wp-content\/uploads\/sites\/190\/2024\/04\/anita_laible_4135419_1-1024x980.jpg 1024w, https:\/\/gul-langenau.de\/wp-content\/uploads\/sites\/190\/2024\/04\/anita_laible_4135419_1-300x287.jpg 300w, https:\/\/gul-langenau.de\/wp-content\/uploads\/sites\/190\/2024\/04\/anita_laible_4135419_1-768x735.jpg 768w, https:\/\/gul-langenau.de\/wp-content\/uploads\/sites\/190\/2024\/04\/anita_laible_4135419_1.jpg 1320w\" sizes=\"auto, (max-width: 1024px) 100vw, 1024px\" \/><\/figure><div class=\"wp-block-media-text__content\">\n<p><strong>Anita Friderike Laible<\/strong><\/p>\n\n\n\n<p>Rentnerin, 64 Jahre, geb. in Langenau, <br>ledig, Krankenschwester i.R., <br>Hobbies: Singen im Chor<br>Mitglied bei Naturfreunden, Landfrauen, Lebenshilfe Donau-Iller<\/p>\n\n\n\n<p>Interessen: Schutz des Innenstadtbildes, Verkehr und Umwelt<\/p>\n<\/div><\/div>\n\n\n\n<div class=\"wp-block-media-text is-stacked-on-mobile\" style=\"grid-template-columns:30% auto\"><figure class=\"wp-block-media-text__media\"><img loading=\"lazy\" decoding=\"async\" width=\"741\" height=\"1024\" src=\"https:\/\/gul-langenau.de\/wp-content\/uploads\/sites\/190\/2024\/04\/deutschmann_4135408_1-741x1024.jpg\" alt=\"\" class=\"wp-image-1167 size-full\" srcset=\"https:\/\/gul-langenau.de\/wp-content\/uploads\/sites\/190\/2024\/04\/deutschmann_4135408_1-741x1024.jpg 741w, https:\/\/gul-langenau.de\/wp-content\/uploads\/sites\/190\/2024\/04\/deutschmann_4135408_1-217x300.jpg 217w, https:\/\/gul-langenau.de\/wp-content\/uploads\/sites\/190\/2024\/04\/deutschmann_4135408_1-768x1062.jpg 768w, https:\/\/gul-langenau.de\/wp-content\/uploads\/sites\/190\/2024\/04\/deutschmann_4135408_1-1111x1536.jpg 1111w, https:\/\/gul-langenau.de\/wp-content\/uploads\/sites\/190\/2024\/04\/deutschmann_4135408_1.jpg 1375w\" sizes=\"auto, (max-width: 741px) 100vw, 741px\" \/><\/figure><div class=\"wp-block-media-text__content\">\n<p><strong>Gerhard &#8222;Jackson&#8220; Deutschmann<\/strong><\/p>\n\n\n\n<p>Hausmeister RBG a.D., 66 Jahre, verheiratet<br>Vorstand Oldtimer Freunde Langenau e.V.<br>Betriebsratsvorsitzender Stadt Langenau von 1993 bis 2018<\/p>\n\n\n\n<p>Ich setze mich ein f\u00fcr ein vielf\u00e4ltiges, kulturelles Miteinander f\u00fcr Jung und Alt.<br>Wichtig ist mir auch sie Stadt Langenau als verantwortungsvoller Arbeitgeber.<\/p>\n<\/div><\/div>\n\n\n\n<div class=\"wp-block-media-text is-stacked-on-mobile\" style=\"grid-template-columns:30% auto\"><figure class=\"wp-block-media-text__media\"><img loading=\"lazy\" decoding=\"async\" width=\"1024\" height=\"936\" src=\"https:\/\/gul-langenau.de\/wp-content\/uploads\/sites\/190\/2024\/04\/folusewitsch_4135388_1-1024x936.jpg\" alt=\"\" class=\"wp-image-1168 size-full\" srcset=\"https:\/\/gul-langenau.de\/wp-content\/uploads\/sites\/190\/2024\/04\/folusewitsch_4135388_1-1024x936.jpg 1024w, https:\/\/gul-langenau.de\/wp-content\/uploads\/sites\/190\/2024\/04\/folusewitsch_4135388_1-300x274.jpg 300w, https:\/\/gul-langenau.de\/wp-content\/uploads\/sites\/190\/2024\/04\/folusewitsch_4135388_1-768x702.jpg 768w, https:\/\/gul-langenau.de\/wp-content\/uploads\/sites\/190\/2024\/04\/folusewitsch_4135388_1-1536x1404.jpg 1536w, https:\/\/gul-langenau.de\/wp-content\/uploads\/sites\/190\/2024\/04\/folusewitsch_4135388_1.jpg 1630w\" sizes=\"auto, (max-width: 1024px) 100vw, 1024px\" \/><\/figure><div class=\"wp-block-media-text__content\">\n<p><strong>Hannelore Birle-Folusewytsch<\/strong><\/p>\n\n\n\n<p>Krankenschwester i. R., 65 Jahre, verheiratet, zwei erwachsene Kinder,<\/p>\n\n\n\n<p>Wichtig sind mir eine lebendige Innenstadt, bezahlbarer Wohnraum, Umweltschutz, dem Klimawandel entgegen zu wirken, ein harmonisches Miteinander und die verbleibende Gesundheitsversorgung zu erhalten.<\/p>\n<\/div><\/div>\n\n\n\n<div class=\"wp-block-media-text is-stacked-on-mobile\" style=\"grid-template-columns:30% auto\"><figure class=\"wp-block-media-text__media\"><img loading=\"lazy\" decoding=\"async\" width=\"1024\" height=\"1009\" src=\"https:\/\/gul-langenau.de\/wp-content\/uploads\/sites\/190\/2024\/04\/palaoro_P4190003_3-1024x1009.jpg\" alt=\"\" class=\"wp-image-1184 size-full\" srcset=\"https:\/\/gul-langenau.de\/wp-content\/uploads\/sites\/190\/2024\/04\/palaoro_P4190003_3-1024x1009.jpg 1024w, https:\/\/gul-langenau.de\/wp-content\/uploads\/sites\/190\/2024\/04\/palaoro_P4190003_3-300x295.jpg 300w, https:\/\/gul-langenau.de\/wp-content\/uploads\/sites\/190\/2024\/04\/palaoro_P4190003_3-768x756.jpg 768w, https:\/\/gul-langenau.de\/wp-content\/uploads\/sites\/190\/2024\/04\/palaoro_P4190003_3-1536x1513.jpg 1536w, https:\/\/gul-langenau.de\/wp-content\/uploads\/sites\/190\/2024\/04\/palaoro_P4190003_3-2048x2017.jpg 2048w\" sizes=\"auto, (max-width: 1024px) 100vw, 1024px\" \/><\/figure><div class=\"wp-block-media-text__content\">\n<p><strong>Nikolai Paleoro<\/strong><\/p>\n\n\n\n<p>52 Jahre, verh., Lehrer f\u00fcr Deutsch, Politik und Geschichte im beruflichen Schulwesen.<\/p>\n\n\n\n<p>Vorsitzender Ortsverband Langenau B90\/Die Gr\u00fcnen, Gemeinderat von 2009-2014<\/p>\n\n\n\n<p>F\u00fcr die Schule der Zukunft kann die Kommune meines Erachtens wertvolle Beitr\u00e4ge leisten. Rahmenbedingungen, in denen nachhaltiges Lernen m\u00f6glich ist, sollten durch den Ausbau etwa der Ganztagsbetreuung weiterentwickelt werden.<\/p>\n<\/div><\/div>\n\n\n\n<div class=\"wp-block-media-text is-stacked-on-mobile\" style=\"grid-template-columns:30% auto\"><figure class=\"wp-block-media-text__media\"><img loading=\"lazy\" decoding=\"async\" width=\"812\" height=\"1024\" src=\"https:\/\/gul-langenau.de\/wp-content\/uploads\/sites\/190\/2024\/04\/bernhard_hanf_4135385_1-812x1024.jpg\" alt=\"\" class=\"wp-image-1170 size-full\" srcset=\"https:\/\/gul-langenau.de\/wp-content\/uploads\/sites\/190\/2024\/04\/bernhard_hanf_4135385_1-812x1024.jpg 812w, https:\/\/gul-langenau.de\/wp-content\/uploads\/sites\/190\/2024\/04\/bernhard_hanf_4135385_1-238x300.jpg 238w, https:\/\/gul-langenau.de\/wp-content\/uploads\/sites\/190\/2024\/04\/bernhard_hanf_4135385_1-768x969.jpg 768w, https:\/\/gul-langenau.de\/wp-content\/uploads\/sites\/190\/2024\/04\/bernhard_hanf_4135385_1-1217x1536.jpg 1217w, https:\/\/gul-langenau.de\/wp-content\/uploads\/sites\/190\/2024\/04\/bernhard_hanf_4135385_1.jpg 1341w\" sizes=\"auto, (max-width: 812px) 100vw, 812px\" \/><\/figure><div class=\"wp-block-media-text__content\">\n<p><strong>Bernhard Hanf<\/strong><\/p>\n\n\n\n<p>Diplom Agraringenieur, Umweltberater, Reiseleiter<br>60 Jahre, verheiratet, 2 Kinder<br><br>Mitglied: AG Donaumoos<br>Hobbies: Naturschutz, Sport, Reisen, VfB Stuttgart, Rockkonzerte.<br><br>Wichtig ist f\u00fcr mich ein sozial und \u00f6kologisch verantwortliches Bauen und der Ausbau des Radwegenetzes.<br>Ich setze mich besonders f\u00fcr den Schutz und die Ausweitung der Niedermoorfl\u00e4chen im Donauried ein.<br><br><\/p>\n<\/div><\/div>\n\n\n\n<div class=\"wp-block-media-text is-stacked-on-mobile\" style=\"grid-template-columns:30% auto\"><figure class=\"wp-block-media-text__media\"><img loading=\"lazy\" decoding=\"async\" width=\"888\" height=\"1024\" src=\"https:\/\/gul-langenau.de\/wp-content\/uploads\/sites\/190\/2024\/04\/roland_endres_P3300012_1-1-888x1024.jpg\" alt=\"\" class=\"wp-image-1182 size-full\" srcset=\"https:\/\/gul-langenau.de\/wp-content\/uploads\/sites\/190\/2024\/04\/roland_endres_P3300012_1-1-888x1024.jpg 888w, https:\/\/gul-langenau.de\/wp-content\/uploads\/sites\/190\/2024\/04\/roland_endres_P3300012_1-1-260x300.jpg 260w, https:\/\/gul-langenau.de\/wp-content\/uploads\/sites\/190\/2024\/04\/roland_endres_P3300012_1-1-768x886.jpg 768w, https:\/\/gul-langenau.de\/wp-content\/uploads\/sites\/190\/2024\/04\/roland_endres_P3300012_1-1-1332x1536.jpg 1332w, https:\/\/gul-langenau.de\/wp-content\/uploads\/sites\/190\/2024\/04\/roland_endres_P3300012_1-1.jpg 1618w\" sizes=\"auto, (max-width: 888px) 100vw, 888px\" \/><\/figure><div class=\"wp-block-media-text__content\">\n<p><strong>Roland Endres<\/strong><\/p>\n\n\n\n<p>Maschinenbauingenieur, verheiratet, 2 Kinder<br>Seit 33 Jahren wohnhaft in Langenau.<\/p>\n\n\n\n<p>Aktives Mitglied im Initiativkreis 8.Mai.<\/p>\n\n\n\n<p>Ich m\u00f6chte mich im Gemeinderat f\u00fcr die \u00d6kologischen und sozialen Aspekte in unserer Gemeinde einsetzen. <br>Meine Schwerpunkte w\u00e4ren das Thema Verkehr und&nbsp;die st\u00e4rkere F\u00f6rderung&nbsp;von genossenschaftlichen Projekten (Wohnungsbau; Photovoltaik)durch die Gemeindeverwaltung.<\/p>\n<\/div><\/div>\n\n\n\n<div class=\"wp-block-media-text is-stacked-on-mobile\" style=\"grid-template-columns:30% auto\"><figure class=\"wp-block-media-text__media\"><img loading=\"lazy\" decoding=\"async\" width=\"752\" height=\"1024\" src=\"https:\/\/gul-langenau.de\/wp-content\/uploads\/sites\/190\/2024\/04\/manfred_strobel_3240091_1-752x1024.jpg\" alt=\"\" class=\"wp-image-1172 size-full\" srcset=\"https:\/\/gul-langenau.de\/wp-content\/uploads\/sites\/190\/2024\/04\/manfred_strobel_3240091_1-752x1024.jpg 752w, https:\/\/gul-langenau.de\/wp-content\/uploads\/sites\/190\/2024\/04\/manfred_strobel_3240091_1-220x300.jpg 220w, https:\/\/gul-langenau.de\/wp-content\/uploads\/sites\/190\/2024\/04\/manfred_strobel_3240091_1-768x1046.jpg 768w, https:\/\/gul-langenau.de\/wp-content\/uploads\/sites\/190\/2024\/04\/manfred_strobel_3240091_1-1128x1536.jpg 1128w, https:\/\/gul-langenau.de\/wp-content\/uploads\/sites\/190\/2024\/04\/manfred_strobel_3240091_1-1504x2048.jpg 1504w, https:\/\/gul-langenau.de\/wp-content\/uploads\/sites\/190\/2024\/04\/manfred_strobel_3240091_1.jpg 1625w\" sizes=\"auto, (max-width: 752px) 100vw, 752px\" \/><\/figure><div class=\"wp-block-media-text__content\">\n<p><strong>Manfed Strobel<\/strong><\/p>\n\n\n\n<p>Dipl.-Ingenieur FH (Feinwerktechnik) im Ruhestand, 70 Jahre, zwei Kinder , drei Enkel, <br>Gemeinderat von 1980-1989. <\/p>\n\n\n\n<p>Interessen: Verkehrs- und Umweltpolitik f\u00fcr eine nachhaltige Stadt in der meine Mitmenschen leben k\u00f6nnen (30er Zone Hasenstra\u00dfe und untere Stadt). <br>Freizeit: Hobbylandwirtschaft (Schafhaltung), Musik (Mandoline (Naturfreunde), Mundharmonika(Landfrauen),&nbsp; Drehorgel(Drehorgelclub Donau-Brenz)<\/p>\n<\/div><\/div>\n\n\n\n<div class=\"wp-block-media-text is-stacked-on-mobile\" style=\"grid-template-columns:30% auto\"><figure class=\"wp-block-media-text__media\"><img loading=\"lazy\" decoding=\"async\" width=\"710\" height=\"1024\" src=\"https:\/\/gul-langenau.de\/wp-content\/uploads\/sites\/190\/2024\/04\/matthias_co\u2560ester_4135437_1-710x1024.jpg\" alt=\"\" class=\"wp-image-1173 size-full\" srcset=\"https:\/\/gul-langenau.de\/wp-content\/uploads\/sites\/190\/2024\/04\/matthias_co\u2560ester_4135437_1-710x1024.jpg 710w, https:\/\/gul-langenau.de\/wp-content\/uploads\/sites\/190\/2024\/04\/matthias_co\u2560ester_4135437_1-208x300.jpg 208w, https:\/\/gul-langenau.de\/wp-content\/uploads\/sites\/190\/2024\/04\/matthias_co\u2560ester_4135437_1-768x1108.jpg 768w, https:\/\/gul-langenau.de\/wp-content\/uploads\/sites\/190\/2024\/04\/matthias_co\u2560ester_4135437_1-1065x1536.jpg 1065w, https:\/\/gul-langenau.de\/wp-content\/uploads\/sites\/190\/2024\/04\/matthias_co\u2560ester_4135437_1-1420x2048.jpg 1420w, https:\/\/gul-langenau.de\/wp-content\/uploads\/sites\/190\/2024\/04\/matthias_co\u2560ester_4135437_1.jpg 1491w\" sizes=\"auto, (max-width: 710px) 100vw, 710px\" \/><\/figure><div class=\"wp-block-media-text__content\">\n<p><strong>Matthias C\u00f6ster<\/strong><\/p>\n\n\n\n<p>Matthias C\u00f6ster<br>50 Jahre, verheiratet, Dipl.-Betriebswirt, Gesch\u00e4ftsleitungsmitglied. <\/p>\n\n\n\n<p>F\u00fcr ein lebenswertes, offenes und klimatneutralesl Langenau.<\/p>\n<\/div><\/div>\n\n\n\n<div class=\"wp-block-media-text is-stacked-on-mobile\" style=\"grid-template-columns:30% auto\"><figure class=\"wp-block-media-text__media\"><img loading=\"lazy\" decoding=\"async\" width=\"726\" height=\"1024\" src=\"https:\/\/gul-langenau.de\/wp-content\/uploads\/sites\/190\/2024\/04\/mazlum_oguz_P4190041_1-726x1024.jpg\" alt=\"\" class=\"wp-image-1174 size-full\" srcset=\"https:\/\/gul-langenau.de\/wp-content\/uploads\/sites\/190\/2024\/04\/mazlum_oguz_P4190041_1-726x1024.jpg 726w, https:\/\/gul-langenau.de\/wp-content\/uploads\/sites\/190\/2024\/04\/mazlum_oguz_P4190041_1-213x300.jpg 213w, https:\/\/gul-langenau.de\/wp-content\/uploads\/sites\/190\/2024\/04\/mazlum_oguz_P4190041_1-768x1084.jpg 768w, https:\/\/gul-langenau.de\/wp-content\/uploads\/sites\/190\/2024\/04\/mazlum_oguz_P4190041_1-1088x1536.jpg 1088w, https:\/\/gul-langenau.de\/wp-content\/uploads\/sites\/190\/2024\/04\/mazlum_oguz_P4190041_1-1451x2048.jpg 1451w, https:\/\/gul-langenau.de\/wp-content\/uploads\/sites\/190\/2024\/04\/mazlum_oguz_P4190041_1.jpg 1520w\" sizes=\"auto, (max-width: 726px) 100vw, 726px\" \/><\/figure><div class=\"wp-block-media-text__content\">\n<p><strong>Ibrahim Oguz (Hans)<\/strong><\/p>\n\n\n\n<p>Verheiratet, zwei Kinder, Selbstst\u00e4ndig, seit 2019 Gemeinderat<br>Mitglied bei Naturfreunde, SG Langenau, Nau Schwaben (VFB fun).<\/p>\n\n\n\n<p>Themen: Bezahlbare Wohnraum, Integration, Vereine, <br>mehr Angebote f\u00fcr Kinder und Jugendliche.<\/p>\n<\/div><\/div>\n\n\n\n<div class=\"wp-block-media-text is-stacked-on-mobile\" style=\"grid-template-columns:30% auto\"><figure class=\"wp-block-media-text__media\"><img loading=\"lazy\" decoding=\"async\" width=\"981\" height=\"1024\" src=\"https:\/\/gul-langenau.de\/wp-content\/uploads\/sites\/190\/2024\/04\/s_follusewitsch_4135404_1-981x1024.jpg\" alt=\"\" class=\"wp-image-1175 size-full\" srcset=\"https:\/\/gul-langenau.de\/wp-content\/uploads\/sites\/190\/2024\/04\/s_follusewitsch_4135404_1-981x1024.jpg 981w, https:\/\/gul-langenau.de\/wp-content\/uploads\/sites\/190\/2024\/04\/s_follusewitsch_4135404_1-287x300.jpg 287w, https:\/\/gul-langenau.de\/wp-content\/uploads\/sites\/190\/2024\/04\/s_follusewitsch_4135404_1-768x802.jpg 768w, https:\/\/gul-langenau.de\/wp-content\/uploads\/sites\/190\/2024\/04\/s_follusewitsch_4135404_1-1472x1536.jpg 1472w, https:\/\/gul-langenau.de\/wp-content\/uploads\/sites\/190\/2024\/04\/s_follusewitsch_4135404_1.jpg 1557w\" sizes=\"auto, (max-width: 981px) 100vw, 981px\" \/><\/figure><div class=\"wp-block-media-text__content\">\n<p><strong>Siegfried Folusewytsch<\/strong><\/p>\n\n\n\n<p>69 Jahre, verheiratet mit zwei Kindern Geb\u00fcrtiger Langenauer<br>Hobbys: Vereins und Turnierschach<br><br>Mein Interesse ist die alternative Energiegewinnung<br><\/p>\n<\/div><\/div>\n\n\n\n<p class=\"has-large-font-size\"><br>Wohnbezirk G\u00f6ttingen<\/p>\n\n\n\n<div class=\"wp-block-media-text is-stacked-on-mobile\" style=\"grid-template-columns:30% auto\"><figure class=\"wp-block-media-text__media\"><a href=\"https:\/\/gul-langenau.de\/?attachment_id=1176\" target=\"_blank\" rel=\"noreferrer noopener\"><img loading=\"lazy\" decoding=\"async\" width=\"772\" height=\"1024\" src=\"https:\/\/gul-langenau.de\/wp-content\/uploads\/sites\/190\/2024\/04\/georg_weith_P4190036_1-772x1024.jpg\" alt=\"\" class=\"wp-image-1176 size-full\" srcset=\"https:\/\/gul-langenau.de\/wp-content\/uploads\/sites\/190\/2024\/04\/georg_weith_P4190036_1-772x1024.jpg 772w, https:\/\/gul-langenau.de\/wp-content\/uploads\/sites\/190\/2024\/04\/georg_weith_P4190036_1-226x300.jpg 226w, https:\/\/gul-langenau.de\/wp-content\/uploads\/sites\/190\/2024\/04\/georg_weith_P4190036_1-768x1019.jpg 768w, https:\/\/gul-langenau.de\/wp-content\/uploads\/sites\/190\/2024\/04\/georg_weith_P4190036_1-1158x1536.jpg 1158w, https:\/\/gul-langenau.de\/wp-content\/uploads\/sites\/190\/2024\/04\/georg_weith_P4190036_1.jpg 1418w\" sizes=\"auto, (max-width: 772px) 100vw, 772px\" \/><\/a><\/figure><div class=\"wp-block-media-text__content\">\n<p><strong>Georg Weith aus G\u00f6ttingen<\/strong><\/p>\n\n\n\n<p>Bio-Bauer, 62 Jahre, verheiratet<\/p>\n\n\n\n<p>Sehr wichtig ist mir das nat\u00fcrliche Umfeld auch f\u00fcr die n\u00e4chsten Generationen zu pflegen und zu erhalten.<br>Um die Attraktivit\u00e4t der Stadt Langenau zu erhalten ist es auch wichtig das der Einzelhandel von der Gemeinde und den B\u00fcrgern unterst\u00fctzt wird.&nbsp;<\/p>\n<\/div><\/div>\n","protected":false},"excerpt":{"rendered":"<p>Wohnbezirk Langenau Renate Maier-Tayblum Architektin, 60 Jahre, verheiratet Seit 16 Jahren im GemeinderatMitglied in der Fairtradegruppe. Ich stehe ein f\u00fcr die Entwicklung einer&nbsp;klimaangepassten, lebenswerten und lebendigen Stadt. Nachverdichtung soll angemessen [&hellip;]<\/p>\n","protected":false},"author":397,"featured_media":0,"parent":0,"menu_order":0,"comment_status":"closed","ping_status":"closed","template":"","meta":{"footnotes":""},"class_list":["post-1070","page","type-page","status-publish","hentry"],"_links":{"self":[{"href":"https:\/\/gul-langenau.de\/index.php?rest_route=\/wp\/v2\/pages\/1070","targetHints":{"allow":["GET"]}}],"collection":[{"href":"https:\/\/gul-langenau.de\/index.php?rest_route=\/wp\/v2\/pages"}],"about":[{"href":"https:\/\/gul-langenau.de\/index.php?rest_route=\/wp\/v2\/types\/page"}],"author":[{"embeddable":true,"href":"https:\/\/gul-langenau.de\/index.php?rest_route=\/wp\/v2\/users\/397"}],"replies":[{"embeddable":true,"href":"https:\/\/gul-langenau.de\/index.php?rest_route=%2Fwp%2Fv2%2Fcomments&post=1070"}],"version-history":[{"count":44,"href":"https:\/\/gul-langenau.de\/index.php?rest_route=\/wp\/v2\/pages\/1070\/revisions"}],"predecessor-version":[{"id":1215,"href":"https:\/\/gul-langenau.de\/index.php?rest_route=\/wp\/v2\/pages\/1070\/revisions\/1215"}],"wp:attachment":[{"href":"https:\/\/gul-langenau.de\/index.php?rest_route=%2Fwp%2Fv2%2Fmedia&parent=1070"}],"curies":[{"name":"wp","href":"https:\/\/api.w.org\/{rel}","templated":true}]}}